{"id":19839,"date":"2024-06-09T17:06:58","date_gmt":"2024-06-09T15:06:58","guid":{"rendered":"https:\/\/smans.com\/product\/automatic-rewinding-system-linap-100-series\/"},"modified":"2026-04-16T04:44:59","modified_gmt":"2026-04-16T02:44:59","slug":"automatic-rewinding-system-linap-100-series","status":"publish","type":"product","link":"https:\/\/smans.com\/nl\/product\/automatic-rewinding-system-linap-100-series\/","title":{"rendered":"Nicoletti - Automatic Rewinding System Linap 100 series"},"content":{"rendered":"<h3>HALFAUTOMATISCH STATIONAIR AFWIKKELSTATION LINAP-100\/30-BA<\/h3>\n<ol>\n<li>Mobiele afwikkelaar op rail<\/li>\n<li>Opspannen met handrem<\/li>\n<li>Standaard snelheid: 0-80 tpm<\/li>\n<li>Maximaal koppel 2760Nm<\/li>\n<li>Gewichtscapaciteit 10000 kg<\/li>\n<li>Voedingsspanning 380 V (te bevestigen bij bestelling)<\/li>\n<li>Afmetingen: Lengte 13600 mm Breedte 5500 mm<\/li>\n<li>Omtrekbeveiliging volgens CE-normen bestaande uit vaste barri\u00e8res en veiligheidslichtschermen<\/li>\n<li>Touw voor kabelbevestiging en trekken bij overname.<\/li>\n<li>Geschatte prestaties <strong>+20%<\/strong> vergeleken met afzonderlijke op- en afwikkeling<\/li>\n<li>Het systeem kan de wikkelcyclus automatisch en zonder toezicht uitvoeren.<\/li>\n<\/ol>\n<h3>AFWIKKELZONE BESTAANDE UIT: CD-100\/BM2\/SE1\/BI<\/h3>\n<ol>\n<li>SCHACHTLOZE trommelopwikkeling met ONAFHANKELIJKE armen &#8211; gewichtscapaciteit 10000 kg &#8211; max. \u00d8 3000mm min. \u00d8 3000mm min. \u00d8 800mm &#8211; Breedte max. 2000mm<\/li>\n<li>Onafhankelijke armen met afzonderlijke open- en sluitbeweging, voor het gemakkelijker grijpen van vaten die niet in het midden van de afkantelaar staan.<\/li>\n<li>Door motor aangedreven armen<\/li>\n<li>Elektrohydraulisch heffen<\/li>\n<li>Afroller loopt op rails die aan de vloer bevestigd zijn.<\/li>\n<li>Pendelend drukknopstation voor het besturen van de eenheid op wielen langs de rail<\/li>\n<li>Wiel aangedreven door tandwielmotor<\/li>\n<li>Elektrohydraulische parkeerbokken vooraan.<\/li>\n<li>Tandwielkast voor het afwikkelen om de kabel aan te sluiten op de opnemer en de lengte van de kabel op te halen zodra de operatie is voltooid.<\/li>\n<li>Bedieningspaneel met drukknoppen voor het bevestigen en ophalen van de kabel.<\/li>\n<li>Spansysteem met handmatig afgestelde rem.<\/li>\n<li>Wieg voor het positioneren van de trommel<\/li>\n<\/ol>\n<h3>OPNAMEGEBIED BESTAANDE UIT: CD-100\/M3\/BM2\/SE-1\/TC-1-100\/OA10Q100-OM\/PLC<\/h3>\n<ol>\n<li>SCHAFLOOS trommelwikkelaar &#8211; draagvermogen 1000 kg &#8211; max. \u00d8 3000mm min. \u00d8 800mm &#8211; Breedte max. 2000m<\/li>\n<li>Elektrohydraulisch heffen<\/li>\n<li>Enkele wikkelaandrijving bestaande uit \u00e9\u00e9n motorreductor<\/li>\n<li>Wikkelmotorvermogen 5,5 kW 4P 1400 rpm &#8211; Reductieverhouding 1:40<\/li>\n<li>Vloerbevestigingsbeugels.<\/li>\n<li>Kabeldiameter ingevoerd via toetsenbord op bedieningspaneel<\/li>\n<li>Automatisch leggen met behulp van een proportioneel systeem, het systeem heeft twee haaksheidssensoren aan de voorkant die het achterblijven tijdens omkeren of legproblemen compenseren en het leggen versnellen of vertragen op basis van of het leggen te langzaam of te snel gaat De sensoren corrigeren ook eventuele steekfouten als gevolg van onjuiste meting of kabeldiameterinvoer.<\/li>\n<li>Meetmeter met typegoedkeuring van Meccanica Nicoletti srl voor kabeldiameters min. 5mm max. 100 mm Tolerantie voor kabeldiameters min. 10 mm max. 80 mm \u00b10,5% (ronde kabels met PVC-coating)<\/li>\n<li>Geprogrammeerde stijgsnelheid gebaseerd op kabeldiameter met automatische handhaving van de geprogrammeerde snelheid (constante snelheid). Hierdoor hoeft de snelheid niet voortdurend te worden gecorrigeerd als de trommelkerndiameter tijdens het wikkelen toeneemt en kan de machine automatisch werken.<\/li>\n<li>Elektronisch kabelmeetsysteem op basis van een encoder met telleruitlezing op het display van het bedieningspaneel.<\/li>\n<li>Automatische geprogrammeerde ramp-down, bij elke traagheidsconditie, naar nulsnelheid om plotseling remmen aan het einde van de meting te voorkomen voor onovertroffen nauwkeurige prestaties (voorkomt overrunning).<\/li>\n<li>Geen kabel- en maximumspanningsregeling resulterend in machinestop, deze functie maakt het systeem 100% betrouwbaar en in staat om zonder toezicht te werken.<\/li>\n<li>Mogelijkheid om de machinebediening op elk moment te stoppen met de noodstopknop en te hervatten vanaf het afbreekpunt door de noodstopknop los te laten.<\/li>\n<li>De bedieningslogica is zeer eenvoudig en intu\u00eftief.<\/li>\n<li style=\"list-style-type: none\">\u00a0<\/li>\n<\/ol>\n","protected":false},"excerpt":{"rendered":"<p>SEMIAUTOMATISCH STATIONAIR OPROL-\/AFROLSYSTEEM<\/p>\n","protected":false},"featured_media":0,"template":"","meta":{"_acf_changed":false},"pwb-brand":[10795],"product_brand":[],"product_cat":[8608,8611,8637],"product_tag":[10958,10886,10956,10957],"class_list":{"0":"post-19839","1":"product","2":"type-product","3":"status-publish","5":"pwb-brand-brand-nicoletti","6":"product_cat-kabel-en-draad","7":"product_cat-draad-handling","8":"product_cat-herwikkelsystemen","9":"product_tag-c528c5ba","10":"product_tag-wh","11":"product_tag-wh-c528c5ba","12":"product_tag-whc528c5ba","14":"first","15":"instock","16":"taxable","17":"shipping-taxable","18":"product-type-simple"},"acf":[],"yoast_head":"<!-- This site is optimized with the Yoast SEO plugin v27.1.1 - https:\/\/yoast.com\/product\/yoast-seo-wordpress\/ -->\n<title>Automatic Rewinding System Linap 100 series - Smans<\/title>\n<meta name=\"robots\" content=\"index, follow, max-snippet:-1, max-image-preview:large, max-video-preview:-1\" \/>\n<link rel=\"canonical\" href=\"https:\/\/smans.com\/nl\/product\/automatic-rewinding-system-linap-100-series\/\" \/>\n<meta property=\"og:locale\" content=\"nl_NL\" \/>\n<meta property=\"og:type\" content=\"article\" \/>\n<meta property=\"og:title\" content=\"Automatic Rewinding System Linap 100 series - Smans\" \/>\n<meta property=\"og:description\" content=\"SEMIAUTOMATISCH STATIONAIR OPROL-\/AFROLSYSTEEM\" \/>\n<meta property=\"og:url\" content=\"https:\/\/smans.com\/nl\/product\/automatic-rewinding-system-linap-100-series\/\" \/>\n<meta property=\"og:site_name\" content=\"Smans\" \/>\n<meta property=\"article:modified_time\" content=\"2026-04-16T02:44:59+00:00\" \/>\n<meta name=\"twitter:card\" content=\"summary_large_image\" \/>\n<meta name=\"twitter:label1\" content=\"Geschatte leestijd\" \/>\n\t<meta name=\"twitter:data1\" content=\"2 minuut\" \/>\n<script type=\"application\/ld+json\" class=\"yoast-schema-graph\">{\"@context\":\"https:\/\/schema.org\",\"@graph\":[{\"@type\":\"WebPage\",\"@id\":\"https:\/\/smans.com\/nl\/product\/automatic-rewinding-system-linap-100-series\/\",\"url\":\"https:\/\/smans.com\/nl\/product\/automatic-rewinding-system-linap-100-series\/\",\"name\":\"Automatic Rewinding System Linap 100 series - Smans\",\"isPartOf\":{\"@id\":\"https:\/\/smans.com\/nl\/#website\"},\"datePublished\":\"2024-06-09T15:06:58+00:00\",\"dateModified\":\"2026-04-16T02:44:59+00:00\",\"breadcrumb\":{\"@id\":\"https:\/\/smans.com\/nl\/product\/automatic-rewinding-system-linap-100-series\/#breadcrumb\"},\"inLanguage\":\"nl-NL\",\"potentialAction\":[{\"@type\":\"ReadAction\",\"target\":[\"https:\/\/smans.com\/nl\/product\/automatic-rewinding-system-linap-100-series\/\"]}]},{\"@type\":\"BreadcrumbList\",\"@id\":\"https:\/\/smans.com\/nl\/product\/automatic-rewinding-system-linap-100-series\/#breadcrumb\",\"itemListElement\":[{\"@type\":\"ListItem\",\"position\":1,\"name\":\"Home\",\"item\":\"https:\/\/smans.com\/nl\/\"},{\"@type\":\"ListItem\",\"position\":2,\"name\":\"Webshop\",\"item\":\"https:\/\/smans.com\/nl\/webshop\/\"},{\"@type\":\"ListItem\",\"position\":3,\"name\":\"Nicoletti - Automatic Rewinding System Linap 100 series\"}]},{\"@type\":\"WebSite\",\"@id\":\"https:\/\/smans.com\/nl\/#website\",\"url\":\"https:\/\/smans.com\/nl\/\",\"name\":\"Smans\",\"description\":\"\",\"publisher\":{\"@id\":\"https:\/\/smans.com\/nl\/#organization\"},\"potentialAction\":[{\"@type\":\"SearchAction\",\"target\":{\"@type\":\"EntryPoint\",\"urlTemplate\":\"https:\/\/smans.com\/nl\/?s={search_term_string}\"},\"query-input\":{\"@type\":\"PropertyValueSpecification\",\"valueRequired\":true,\"valueName\":\"search_term_string\"}}],\"inLanguage\":\"nl-NL\"},{\"@type\":\"Organization\",\"@id\":\"https:\/\/smans.com\/nl\/#organization\",\"name\":\"Smans\",\"url\":\"https:\/\/smans.com\/nl\/\",\"logo\":{\"@type\":\"ImageObject\",\"inLanguage\":\"nl-NL\",\"@id\":\"https:\/\/smans.com\/nl\/#\/schema\/logo\/image\/\",\"url\":\"https:\/\/smans.com\/wp-content\/uploads\/2023\/09\/logo.svg\",\"contentUrl\":\"https:\/\/smans.com\/wp-content\/uploads\/2023\/09\/logo.svg\",\"caption\":\"Smans\"},\"image\":{\"@id\":\"https:\/\/smans.com\/nl\/#\/schema\/logo\/image\/\"}}]}<\/script>\n<!-- \/ Yoast SEO plugin. -->","yoast_head_json":{"title":"Automatic Rewinding System Linap 100 series - Smans","robots":{"index":"index","follow":"follow","max-snippet":"max-snippet:-1","max-image-preview":"max-image-preview:large","max-video-preview":"max-video-preview:-1"},"canonical":"https:\/\/smans.com\/nl\/product\/automatic-rewinding-system-linap-100-series\/","og_locale":"nl_NL","og_type":"article","og_title":"Automatic Rewinding System Linap 100 series - Smans","og_description":"SEMIAUTOMATISCH STATIONAIR OPROL-\/AFROLSYSTEEM","og_url":"https:\/\/smans.com\/nl\/product\/automatic-rewinding-system-linap-100-series\/","og_site_name":"Smans","article_modified_time":"2026-04-16T02:44:59+00:00","twitter_card":"summary_large_image","twitter_misc":{"Geschatte leestijd":"2 minuut"},"schema":{"@context":"https:\/\/schema.org","@graph":[{"@type":"WebPage","@id":"https:\/\/smans.com\/nl\/product\/automatic-rewinding-system-linap-100-series\/","url":"https:\/\/smans.com\/nl\/product\/automatic-rewinding-system-linap-100-series\/","name":"Automatic Rewinding System Linap 100 series - Smans","isPartOf":{"@id":"https:\/\/smans.com\/nl\/#website"},"datePublished":"2024-06-09T15:06:58+00:00","dateModified":"2026-04-16T02:44:59+00:00","breadcrumb":{"@id":"https:\/\/smans.com\/nl\/product\/automatic-rewinding-system-linap-100-series\/#breadcrumb"},"inLanguage":"nl-NL","potentialAction":[{"@type":"ReadAction","target":["https:\/\/smans.com\/nl\/product\/automatic-rewinding-system-linap-100-series\/"]}]},{"@type":"BreadcrumbList","@id":"https:\/\/smans.com\/nl\/product\/automatic-rewinding-system-linap-100-series\/#breadcrumb","itemListElement":[{"@type":"ListItem","position":1,"name":"Home","item":"https:\/\/smans.com\/nl\/"},{"@type":"ListItem","position":2,"name":"Webshop","item":"https:\/\/smans.com\/nl\/webshop\/"},{"@type":"ListItem","position":3,"name":"Nicoletti - Automatic Rewinding System Linap 100 series"}]},{"@type":"WebSite","@id":"https:\/\/smans.com\/nl\/#website","url":"https:\/\/smans.com\/nl\/","name":"Smans","description":"","publisher":{"@id":"https:\/\/smans.com\/nl\/#organization"},"potentialAction":[{"@type":"SearchAction","target":{"@type":"EntryPoint","urlTemplate":"https:\/\/smans.com\/nl\/?s={search_term_string}"},"query-input":{"@type":"PropertyValueSpecification","valueRequired":true,"valueName":"search_term_string"}}],"inLanguage":"nl-NL"},{"@type":"Organization","@id":"https:\/\/smans.com\/nl\/#organization","name":"Smans","url":"https:\/\/smans.com\/nl\/","logo":{"@type":"ImageObject","inLanguage":"nl-NL","@id":"https:\/\/smans.com\/nl\/#\/schema\/logo\/image\/","url":"https:\/\/smans.com\/wp-content\/uploads\/2023\/09\/logo.svg","contentUrl":"https:\/\/smans.com\/wp-content\/uploads\/2023\/09\/logo.svg","caption":"Smans"},"image":{"@id":"https:\/\/smans.com\/nl\/#\/schema\/logo\/image\/"}}]}},"brands":[{"id":10795,"name":"Nicoletti","slug":"brand-nicoletti"}],"_links":{"self":[{"href":"https:\/\/smans.com\/nl\/wp-json\/wp\/v2\/product\/19839","targetHints":{"allow":["GET"]}}],"collection":[{"href":"https:\/\/smans.com\/nl\/wp-json\/wp\/v2\/product"}],"about":[{"href":"https:\/\/smans.com\/nl\/wp-json\/wp\/v2\/types\/product"}],"wp:attachment":[{"href":"https:\/\/smans.com\/nl\/wp-json\/wp\/v2\/media?parent=19839"}],"wp:term":[{"taxonomy":"pwb-brand","embeddable":true,"href":"https:\/\/smans.com\/nl\/wp-json\/wp\/v2\/pwb-brand?post=19839"},{"taxonomy":"product_brand","embeddable":true,"href":"https:\/\/smans.com\/nl\/wp-json\/wp\/v2\/product_brand?post=19839"},{"taxonomy":"product_cat","embeddable":true,"href":"https:\/\/smans.com\/nl\/wp-json\/wp\/v2\/product_cat?post=19839"},{"taxonomy":"product_tag","embeddable":true,"href":"https:\/\/smans.com\/nl\/wp-json\/wp\/v2\/product_tag?post=19839"}],"curies":[{"name":"wp","href":"https:\/\/api.w.org\/{rel}","templated":true}]}}