{"id":19934,"date":"2024-06-09T17:10:15","date_gmt":"2024-06-09T15:10:15","guid":{"rendered":"https:\/\/smans.com\/product\/wire-assembly-machine-zeta-620\/"},"modified":"2026-04-05T10:40:34","modified_gmt":"2026-04-05T08:40:34","slug":"wire-assembly-machine-zeta-620","status":"publish","type":"product","link":"https:\/\/smans.com\/nl\/product\/wire-assembly-machine-zeta-620\/","title":{"rendered":"Komax - Wire Assembly Machine Zeta 620"},"content":{"rendered":"<p data-start=\"71\" data-end=\"524\">De Zeta 620 assemblagemachine biedt kabelverwerking op twee procesmodellen en is volledig uitgerust voor schakelkastbouw, inclusief etikettering en aansluitingen. Het handmatige proces kost veel tijd en vereist goed opgeleid personeel, maar de Zeta 620 vereenvoudigt het kabelassemblageproces. De machine produceert volautomatisch volledige stuklijsten en sorteert en labelt de kabels, zodat ze alleen nog maar in de schakelkast gelegd hoeven te worden.<\/p>\n<p data-start=\"526\" data-end=\"556\"><strong data-start=\"526\" data-end=\"554\">Belangrijkste kenmerken:<\/strong><\/p>\n<ul data-start=\"557\" data-end=\"1478\">\n<li data-start=\"557\" data-end=\"684\"><strong data-start=\"559\" data-end=\"590\">Volautomatische verwerking:<\/strong> Produceert stuklijsten, sorteert en labelt kabels voor directe plaatsing in de schakelkast.<\/li>\n<li data-start=\"685\" data-end=\"829\"><strong data-start=\"687\" data-end=\"709\">Aanpasbaar proces:<\/strong> Met modules kan het proces worden aangepast aan specifieke behoeften, inclusief ruimte voor twee extra procesmodules.<\/li>\n<li data-start=\"830\" data-end=\"971\"><strong data-start=\"832\" data-end=\"876\">Verwerking van verschillende kabeltypes:<\/strong> Ondersteunt tot 24 kabeltypes en tot zeven verschillende adereindhulzen zonder omschakeling.<\/li>\n<li data-start=\"972\" data-end=\"1185\"><strong data-start=\"974\" data-end=\"990\">Effici\u00ebntie:<\/strong> Verwerkingsparameters worden geconverteerd met TopConvert en rechtstreeks naar de machine gestuurd via de Komax interface WPCS, waardoor handmatige programmering van artikelen overbodig wordt.<\/li>\n<li data-start=\"1186\" data-end=\"1310\"><strong data-start=\"1188\" data-end=\"1214\">Bundeling in \u00e9\u00e9n stap:<\/strong> Het bundelen van kabels kan in \u00e9\u00e9n processtap worden uitgevoerd, wat de effici\u00ebntie verhoogt.<\/li>\n<li data-start=\"1311\" data-end=\"1405\"><strong data-start=\"1313\" data-end=\"1333\">Compact ontwerp:<\/strong> Het apparaat is compact, met de markeerder ge\u00efntegreerd in het frame.<\/li>\n<li data-start=\"1406\" data-end=\"1478\"><strong data-start=\"1408\" data-end=\"1432\">Virtuele bekabeling:<\/strong> Virtuele bekabeling wordt ondersteund in DLW.<\/li>\n<\/ul>\n","protected":false},"excerpt":{"rendered":"<p>Volautomatische draadconfectiemachine<\/p>\n","protected":false},"featured_media":0,"template":"","meta":{"_acf_changed":false},"pwb-brand":[10787],"product_brand":[],"product_cat":[8608,8615,8655,8616],"product_tag":[11259,10873,11257,11258],"class_list":{"0":"post-19934","1":"product","2":"type-product","3":"status-publish","5":"pwb-brand-brand-komax","6":"product_cat-kabel-en-draad","7":"product_cat-knippen-strippen-krimpen","8":"product_cat-volautomaten-met-draadwisselaar","9":"product_cat-paneelbouw","10":"product_tag-11259","11":"product_tag-kmx","12":"product_tag-kmx-0442000","13":"product_tag-kmx0442000","15":"first","16":"instock","17":"taxable","18":"shipping-taxable","19":"product-type-simple"},"acf":[],"yoast_head":"<!-- This site is optimized with the Yoast SEO plugin v27.1.1 - https:\/\/yoast.com\/product\/yoast-seo-wordpress\/ -->\n<title>Wire Assembly Machine Zeta 620 - Smans<\/title>\n<meta name=\"robots\" content=\"index, follow, max-snippet:-1, max-image-preview:large, max-video-preview:-1\" \/>\n<link rel=\"canonical\" href=\"https:\/\/smans.com\/nl\/product\/wire-assembly-machine-zeta-620\/\" \/>\n<meta property=\"og:locale\" content=\"nl_NL\" \/>\n<meta property=\"og:type\" content=\"article\" \/>\n<meta property=\"og:title\" content=\"Wire Assembly Machine Zeta 620 - Smans\" \/>\n<meta property=\"og:description\" content=\"Volautomatische draadconfectiemachine\" \/>\n<meta property=\"og:url\" content=\"https:\/\/smans.com\/nl\/product\/wire-assembly-machine-zeta-620\/\" \/>\n<meta property=\"og:site_name\" content=\"Smans\" \/>\n<meta property=\"article:modified_time\" content=\"2026-04-05T08:40:34+00:00\" \/>\n<meta name=\"twitter:card\" content=\"summary_large_image\" \/>\n<meta name=\"twitter:label1\" content=\"Geschatte leestijd\" \/>\n\t<meta name=\"twitter:data1\" content=\"1 minuut\" \/>\n<script type=\"application\/ld+json\" class=\"yoast-schema-graph\">{\"@context\":\"https:\/\/schema.org\",\"@graph\":[{\"@type\":\"WebPage\",\"@id\":\"https:\/\/smans.com\/nl\/product\/wire-assembly-machine-zeta-620\/\",\"url\":\"https:\/\/smans.com\/nl\/product\/wire-assembly-machine-zeta-620\/\",\"name\":\"Wire Assembly Machine Zeta 620 - Smans\",\"isPartOf\":{\"@id\":\"https:\/\/smans.com\/nl\/#website\"},\"datePublished\":\"2024-06-09T15:10:15+00:00\",\"dateModified\":\"2026-04-05T08:40:34+00:00\",\"breadcrumb\":{\"@id\":\"https:\/\/smans.com\/nl\/product\/wire-assembly-machine-zeta-620\/#breadcrumb\"},\"inLanguage\":\"nl-NL\",\"potentialAction\":[{\"@type\":\"ReadAction\",\"target\":[\"https:\/\/smans.com\/nl\/product\/wire-assembly-machine-zeta-620\/\"]}]},{\"@type\":\"BreadcrumbList\",\"@id\":\"https:\/\/smans.com\/nl\/product\/wire-assembly-machine-zeta-620\/#breadcrumb\",\"itemListElement\":[{\"@type\":\"ListItem\",\"position\":1,\"name\":\"Home\",\"item\":\"https:\/\/smans.com\/nl\/\"},{\"@type\":\"ListItem\",\"position\":2,\"name\":\"Webshop\",\"item\":\"https:\/\/smans.com\/nl\/webshop\/\"},{\"@type\":\"ListItem\",\"position\":3,\"name\":\"Komax - Wire Assembly Machine Zeta 620\"}]},{\"@type\":\"WebSite\",\"@id\":\"https:\/\/smans.com\/nl\/#website\",\"url\":\"https:\/\/smans.com\/nl\/\",\"name\":\"Smans\",\"description\":\"\",\"publisher\":{\"@id\":\"https:\/\/smans.com\/nl\/#organization\"},\"potentialAction\":[{\"@type\":\"SearchAction\",\"target\":{\"@type\":\"EntryPoint\",\"urlTemplate\":\"https:\/\/smans.com\/nl\/?s={search_term_string}\"},\"query-input\":{\"@type\":\"PropertyValueSpecification\",\"valueRequired\":true,\"valueName\":\"search_term_string\"}}],\"inLanguage\":\"nl-NL\"},{\"@type\":\"Organization\",\"@id\":\"https:\/\/smans.com\/nl\/#organization\",\"name\":\"Smans\",\"url\":\"https:\/\/smans.com\/nl\/\",\"logo\":{\"@type\":\"ImageObject\",\"inLanguage\":\"nl-NL\",\"@id\":\"https:\/\/smans.com\/nl\/#\/schema\/logo\/image\/\",\"url\":\"https:\/\/smans.com\/wp-content\/uploads\/2023\/09\/logo.svg\",\"contentUrl\":\"https:\/\/smans.com\/wp-content\/uploads\/2023\/09\/logo.svg\",\"caption\":\"Smans\"},\"image\":{\"@id\":\"https:\/\/smans.com\/nl\/#\/schema\/logo\/image\/\"}}]}<\/script>\n<!-- \/ Yoast SEO plugin. -->","yoast_head_json":{"title":"Wire Assembly Machine Zeta 620 - Smans","robots":{"index":"index","follow":"follow","max-snippet":"max-snippet:-1","max-image-preview":"max-image-preview:large","max-video-preview":"max-video-preview:-1"},"canonical":"https:\/\/smans.com\/nl\/product\/wire-assembly-machine-zeta-620\/","og_locale":"nl_NL","og_type":"article","og_title":"Wire Assembly Machine Zeta 620 - Smans","og_description":"Volautomatische draadconfectiemachine","og_url":"https:\/\/smans.com\/nl\/product\/wire-assembly-machine-zeta-620\/","og_site_name":"Smans","article_modified_time":"2026-04-05T08:40:34+00:00","twitter_card":"summary_large_image","twitter_misc":{"Geschatte leestijd":"1 minuut"},"schema":{"@context":"https:\/\/schema.org","@graph":[{"@type":"WebPage","@id":"https:\/\/smans.com\/nl\/product\/wire-assembly-machine-zeta-620\/","url":"https:\/\/smans.com\/nl\/product\/wire-assembly-machine-zeta-620\/","name":"Wire Assembly Machine Zeta 620 - Smans","isPartOf":{"@id":"https:\/\/smans.com\/nl\/#website"},"datePublished":"2024-06-09T15:10:15+00:00","dateModified":"2026-04-05T08:40:34+00:00","breadcrumb":{"@id":"https:\/\/smans.com\/nl\/product\/wire-assembly-machine-zeta-620\/#breadcrumb"},"inLanguage":"nl-NL","potentialAction":[{"@type":"ReadAction","target":["https:\/\/smans.com\/nl\/product\/wire-assembly-machine-zeta-620\/"]}]},{"@type":"BreadcrumbList","@id":"https:\/\/smans.com\/nl\/product\/wire-assembly-machine-zeta-620\/#breadcrumb","itemListElement":[{"@type":"ListItem","position":1,"name":"Home","item":"https:\/\/smans.com\/nl\/"},{"@type":"ListItem","position":2,"name":"Webshop","item":"https:\/\/smans.com\/nl\/webshop\/"},{"@type":"ListItem","position":3,"name":"Komax - Wire Assembly Machine Zeta 620"}]},{"@type":"WebSite","@id":"https:\/\/smans.com\/nl\/#website","url":"https:\/\/smans.com\/nl\/","name":"Smans","description":"","publisher":{"@id":"https:\/\/smans.com\/nl\/#organization"},"potentialAction":[{"@type":"SearchAction","target":{"@type":"EntryPoint","urlTemplate":"https:\/\/smans.com\/nl\/?s={search_term_string}"},"query-input":{"@type":"PropertyValueSpecification","valueRequired":true,"valueName":"search_term_string"}}],"inLanguage":"nl-NL"},{"@type":"Organization","@id":"https:\/\/smans.com\/nl\/#organization","name":"Smans","url":"https:\/\/smans.com\/nl\/","logo":{"@type":"ImageObject","inLanguage":"nl-NL","@id":"https:\/\/smans.com\/nl\/#\/schema\/logo\/image\/","url":"https:\/\/smans.com\/wp-content\/uploads\/2023\/09\/logo.svg","contentUrl":"https:\/\/smans.com\/wp-content\/uploads\/2023\/09\/logo.svg","caption":"Smans"},"image":{"@id":"https:\/\/smans.com\/nl\/#\/schema\/logo\/image\/"}}]}},"brands":[{"id":10787,"name":"Komax","slug":"brand-komax"}],"_links":{"self":[{"href":"https:\/\/smans.com\/nl\/wp-json\/wp\/v2\/product\/19934","targetHints":{"allow":["GET"]}}],"collection":[{"href":"https:\/\/smans.com\/nl\/wp-json\/wp\/v2\/product"}],"about":[{"href":"https:\/\/smans.com\/nl\/wp-json\/wp\/v2\/types\/product"}],"wp:attachment":[{"href":"https:\/\/smans.com\/nl\/wp-json\/wp\/v2\/media?parent=19934"}],"wp:term":[{"taxonomy":"pwb-brand","embeddable":true,"href":"https:\/\/smans.com\/nl\/wp-json\/wp\/v2\/pwb-brand?post=19934"},{"taxonomy":"product_brand","embeddable":true,"href":"https:\/\/smans.com\/nl\/wp-json\/wp\/v2\/product_brand?post=19934"},{"taxonomy":"product_cat","embeddable":true,"href":"https:\/\/smans.com\/nl\/wp-json\/wp\/v2\/product_cat?post=19934"},{"taxonomy":"product_tag","embeddable":true,"href":"https:\/\/smans.com\/nl\/wp-json\/wp\/v2\/product_tag?post=19934"}],"curies":[{"name":"wp","href":"https:\/\/api.w.org\/{rel}","templated":true}]}}