{"id":20087,"date":"2024-06-09T17:15:34","date_gmt":"2024-06-09T15:15:34","guid":{"rendered":"https:\/\/smans.com\/product\/magazine-loaders-2\/"},"modified":"2026-04-16T10:18:43","modified_gmt":"2026-04-16T08:18:43","slug":"magazine-loaders-2","status":"publish","type":"product","link":"https:\/\/smans.com\/nl\/product\/magazine-loaders-2\/","title":{"rendered":"E-Flex - Magazine Loaders"},"content":{"rendered":"<p>Onze \u00a0standaard laders (loaders) worden gebruikt om printplaten in de productielijn te laden door ze vanuit standaardmagazijnrekken de lijn in te duwen.<\/p>\n<p>De magazijnen worden op het bovenste platform geladen en direct overgebracht naar een hefplatform, dat stapsgewijs naar beneden gaat volgens een geprogrammeerde instelbare pitch (om elke printplaat \u00e9\u00e9n voor \u00e9\u00e9n in het magazijn te laden).<\/p>\n<p>Zodra de lift de onderste positie bereikt, wordt het volledige rek terug overgebracht naar het onderste uitgangsplatform, zodat dit \u00a0uit de lijn kan worden verwijderd.<\/p>\n<p>De magazijnen worden op het onderste platform geladen en van daaruit\u00a0 op de lift gezet die stapsgewijs omhoog gaat volgens een geprogrammeerde instelbare pitch (om elke print \u00e9\u00e9n voor \u00e9\u00e9n in de SMT-lijn te duwen). Zodra de lift de bovenste positie bereikt, wordt het lege rek teruggetrokken op het bovenste platform, zodat het uit de loader kan worden verwijderd en opnieuw kan worden beladen.<\/p>\n<p>Verschillende opties mogelijk.<\/p>\n","protected":false},"excerpt":{"rendered":"<p>PCB Magazine Loader die PCBs en panelen in de SMT Line laadt.<\/p>\n","protected":false},"featured_media":0,"template":"","meta":{"_acf_changed":false},"pwb-brand":[10771],"product_brand":[],"product_cat":[8609,8621,8670],"product_tag":[11731,11730,11732,11733],"class_list":{"0":"post-20087","1":"product","2":"type-product","3":"status-publish","5":"pwb-brand-brand-e-flex","6":"product_cat-elektronica","7":"product_cat-boardhandling","8":"product_cat-loaders","9":"product_tag-efl","10":"product_tag-efl-whm300sd0tmci","11":"product_tag-eflwhm300sd0tmci","12":"product_tag-whm300sd0tmci","14":"first","15":"instock","16":"taxable","17":"shipping-taxable","18":"product-type-simple"},"acf":[],"yoast_head":"<!-- This site is optimized with the Yoast SEO plugin v27.1.1 - https:\/\/yoast.com\/product\/yoast-seo-wordpress\/ -->\n<title>Magazine Loaders - Smans<\/title>\n<meta name=\"robots\" content=\"index, follow, max-snippet:-1, max-image-preview:large, max-video-preview:-1\" \/>\n<link rel=\"canonical\" href=\"https:\/\/smans.com\/nl\/product\/magazine-loaders-2\/\" \/>\n<meta property=\"og:locale\" content=\"nl_NL\" \/>\n<meta property=\"og:type\" content=\"article\" \/>\n<meta property=\"og:title\" content=\"Magazine Loaders - Smans\" \/>\n<meta property=\"og:description\" content=\"PCB Magazine Loader die PCBs en panelen in de SMT Line laadt.\" \/>\n<meta property=\"og:url\" content=\"https:\/\/smans.com\/nl\/product\/magazine-loaders-2\/\" \/>\n<meta property=\"og:site_name\" content=\"Smans\" \/>\n<meta property=\"article:modified_time\" content=\"2026-04-16T08:18:43+00:00\" \/>\n<meta name=\"twitter:card\" content=\"summary_large_image\" \/>\n<meta name=\"twitter:label1\" content=\"Geschatte leestijd\" \/>\n\t<meta name=\"twitter:data1\" content=\"1 minuut\" \/>\n<script type=\"application\/ld+json\" class=\"yoast-schema-graph\">{\"@context\":\"https:\/\/schema.org\",\"@graph\":[{\"@type\":\"WebPage\",\"@id\":\"https:\/\/smans.com\/nl\/product\/magazine-loaders-2\/\",\"url\":\"https:\/\/smans.com\/nl\/product\/magazine-loaders-2\/\",\"name\":\"Magazine Loaders - Smans\",\"isPartOf\":{\"@id\":\"https:\/\/smans.com\/nl\/#website\"},\"datePublished\":\"2024-06-09T15:15:34+00:00\",\"dateModified\":\"2026-04-16T08:18:43+00:00\",\"breadcrumb\":{\"@id\":\"https:\/\/smans.com\/nl\/product\/magazine-loaders-2\/#breadcrumb\"},\"inLanguage\":\"nl-NL\",\"potentialAction\":[{\"@type\":\"ReadAction\",\"target\":[\"https:\/\/smans.com\/nl\/product\/magazine-loaders-2\/\"]}]},{\"@type\":\"BreadcrumbList\",\"@id\":\"https:\/\/smans.com\/nl\/product\/magazine-loaders-2\/#breadcrumb\",\"itemListElement\":[{\"@type\":\"ListItem\",\"position\":1,\"name\":\"Home\",\"item\":\"https:\/\/smans.com\/nl\/\"},{\"@type\":\"ListItem\",\"position\":2,\"name\":\"Webshop\",\"item\":\"https:\/\/smans.com\/nl\/webshop\/\"},{\"@type\":\"ListItem\",\"position\":3,\"name\":\"Magazine Loaders\"}]},{\"@type\":\"WebSite\",\"@id\":\"https:\/\/smans.com\/nl\/#website\",\"url\":\"https:\/\/smans.com\/nl\/\",\"name\":\"Smans\",\"description\":\"\",\"publisher\":{\"@id\":\"https:\/\/smans.com\/nl\/#organization\"},\"potentialAction\":[{\"@type\":\"SearchAction\",\"target\":{\"@type\":\"EntryPoint\",\"urlTemplate\":\"https:\/\/smans.com\/nl\/?s={search_term_string}\"},\"query-input\":{\"@type\":\"PropertyValueSpecification\",\"valueRequired\":true,\"valueName\":\"search_term_string\"}}],\"inLanguage\":\"nl-NL\"},{\"@type\":\"Organization\",\"@id\":\"https:\/\/smans.com\/nl\/#organization\",\"name\":\"Smans\",\"url\":\"https:\/\/smans.com\/nl\/\",\"logo\":{\"@type\":\"ImageObject\",\"inLanguage\":\"nl-NL\",\"@id\":\"https:\/\/smans.com\/nl\/#\/schema\/logo\/image\/\",\"url\":\"https:\/\/smans.com\/wp-content\/uploads\/2023\/09\/logo.svg\",\"contentUrl\":\"https:\/\/smans.com\/wp-content\/uploads\/2023\/09\/logo.svg\",\"caption\":\"Smans\"},\"image\":{\"@id\":\"https:\/\/smans.com\/nl\/#\/schema\/logo\/image\/\"}}]}<\/script>\n<!-- \/ Yoast SEO plugin. -->","yoast_head_json":{"title":"Magazine Loaders - Smans","robots":{"index":"index","follow":"follow","max-snippet":"max-snippet:-1","max-image-preview":"max-image-preview:large","max-video-preview":"max-video-preview:-1"},"canonical":"https:\/\/smans.com\/nl\/product\/magazine-loaders-2\/","og_locale":"nl_NL","og_type":"article","og_title":"Magazine Loaders - Smans","og_description":"PCB Magazine Loader die PCBs en panelen in de SMT Line laadt.","og_url":"https:\/\/smans.com\/nl\/product\/magazine-loaders-2\/","og_site_name":"Smans","article_modified_time":"2026-04-16T08:18:43+00:00","twitter_card":"summary_large_image","twitter_misc":{"Geschatte leestijd":"1 minuut"},"schema":{"@context":"https:\/\/schema.org","@graph":[{"@type":"WebPage","@id":"https:\/\/smans.com\/nl\/product\/magazine-loaders-2\/","url":"https:\/\/smans.com\/nl\/product\/magazine-loaders-2\/","name":"Magazine Loaders - Smans","isPartOf":{"@id":"https:\/\/smans.com\/nl\/#website"},"datePublished":"2024-06-09T15:15:34+00:00","dateModified":"2026-04-16T08:18:43+00:00","breadcrumb":{"@id":"https:\/\/smans.com\/nl\/product\/magazine-loaders-2\/#breadcrumb"},"inLanguage":"nl-NL","potentialAction":[{"@type":"ReadAction","target":["https:\/\/smans.com\/nl\/product\/magazine-loaders-2\/"]}]},{"@type":"BreadcrumbList","@id":"https:\/\/smans.com\/nl\/product\/magazine-loaders-2\/#breadcrumb","itemListElement":[{"@type":"ListItem","position":1,"name":"Home","item":"https:\/\/smans.com\/nl\/"},{"@type":"ListItem","position":2,"name":"Webshop","item":"https:\/\/smans.com\/nl\/webshop\/"},{"@type":"ListItem","position":3,"name":"Magazine Loaders"}]},{"@type":"WebSite","@id":"https:\/\/smans.com\/nl\/#website","url":"https:\/\/smans.com\/nl\/","name":"Smans","description":"","publisher":{"@id":"https:\/\/smans.com\/nl\/#organization"},"potentialAction":[{"@type":"SearchAction","target":{"@type":"EntryPoint","urlTemplate":"https:\/\/smans.com\/nl\/?s={search_term_string}"},"query-input":{"@type":"PropertyValueSpecification","valueRequired":true,"valueName":"search_term_string"}}],"inLanguage":"nl-NL"},{"@type":"Organization","@id":"https:\/\/smans.com\/nl\/#organization","name":"Smans","url":"https:\/\/smans.com\/nl\/","logo":{"@type":"ImageObject","inLanguage":"nl-NL","@id":"https:\/\/smans.com\/nl\/#\/schema\/logo\/image\/","url":"https:\/\/smans.com\/wp-content\/uploads\/2023\/09\/logo.svg","contentUrl":"https:\/\/smans.com\/wp-content\/uploads\/2023\/09\/logo.svg","caption":"Smans"},"image":{"@id":"https:\/\/smans.com\/nl\/#\/schema\/logo\/image\/"}}]}},"brands":[{"id":10771,"name":"E-Flex","slug":"brand-e-flex"}],"_links":{"self":[{"href":"https:\/\/smans.com\/nl\/wp-json\/wp\/v2\/product\/20087","targetHints":{"allow":["GET"]}}],"collection":[{"href":"https:\/\/smans.com\/nl\/wp-json\/wp\/v2\/product"}],"about":[{"href":"https:\/\/smans.com\/nl\/wp-json\/wp\/v2\/types\/product"}],"wp:attachment":[{"href":"https:\/\/smans.com\/nl\/wp-json\/wp\/v2\/media?parent=20087"}],"wp:term":[{"taxonomy":"pwb-brand","embeddable":true,"href":"https:\/\/smans.com\/nl\/wp-json\/wp\/v2\/pwb-brand?post=20087"},{"taxonomy":"product_brand","embeddable":true,"href":"https:\/\/smans.com\/nl\/wp-json\/wp\/v2\/product_brand?post=20087"},{"taxonomy":"product_cat","embeddable":true,"href":"https:\/\/smans.com\/nl\/wp-json\/wp\/v2\/product_cat?post=20087"},{"taxonomy":"product_tag","embeddable":true,"href":"https:\/\/smans.com\/nl\/wp-json\/wp\/v2\/product_tag?post=20087"}],"curies":[{"name":"wp","href":"https:\/\/api.w.org\/{rel}","templated":true}]}}