{"id":20100,"date":"2024-06-09T17:16:01","date_gmt":"2024-06-09T15:16:01","guid":{"rendered":"https:\/\/smans.com\/product\/magazine-unloaders-2\/"},"modified":"2026-04-14T11:00:50","modified_gmt":"2026-04-14T09:00:50","slug":"magazine-unloaders-2","status":"publish","type":"product","link":"https:\/\/smans.com\/nl\/product\/magazine-unloaders-2\/","title":{"rendered":"E-Flex - Magazine Unloaders"},"content":{"rendered":"<p>Onze standaard stapelaars (unloaders) worden gebruikt om printplaten uit de productielijn te halen door ze in standaardmagazijnrekken te duwen.<\/p>\n<p>De magazijnen worden op het bovenste platform geladen en direct overgebracht naar een hefplatform, dat stapsgewijs naar beneden gaat volgens een geprogrammeerde instelbare pitch (om elke printplaat \u00e9\u00e9n voor \u00e9\u00e9n in het magazijn te laden).<\/p>\n<p>Zodra de lift de onderste positie bereikt, wordt het volledige rek terug overgebracht naar het onderste uitgangsplatform, zodat het uit de lijn kan worden verwijderd.<\/p>\n","protected":false},"excerpt":{"rendered":"<p>PCB Magazine Unloader die PCBs en panelen uit de SMT-lijn haalt.<\/p>\n","protected":false},"featured_media":0,"template":"","meta":{"_acf_changed":false},"pwb-brand":[10771],"product_brand":[],"product_cat":[8609,8621,8672],"product_tag":[11731,11767,11768,11769],"class_list":{"0":"post-20100","1":"product","2":"type-product","3":"status-publish","5":"pwb-brand-brand-e-flex","6":"product_cat-elektronica","7":"product_cat-boardhandling","8":"product_cat-unloaders","9":"product_tag-efl","10":"product_tag-efl-whm301sd3tlci","11":"product_tag-eflwhm301sd3tlci","12":"product_tag-whm301sd3tlci","14":"first","15":"instock","16":"taxable","17":"shipping-taxable","18":"product-type-simple"},"acf":[],"yoast_head":"<!-- This site is optimized with the Yoast SEO plugin v27.1.1 - https:\/\/yoast.com\/product\/yoast-seo-wordpress\/ -->\n<title>Magazine Unloaders - Smans<\/title>\n<meta name=\"robots\" content=\"index, follow, max-snippet:-1, max-image-preview:large, max-video-preview:-1\" \/>\n<link rel=\"canonical\" href=\"https:\/\/smans.com\/nl\/product\/magazine-unloaders-2\/\" \/>\n<meta property=\"og:locale\" content=\"nl_NL\" \/>\n<meta property=\"og:type\" content=\"article\" \/>\n<meta property=\"og:title\" content=\"Magazine Unloaders - Smans\" \/>\n<meta property=\"og:description\" content=\"PCB Magazine Unloader die PCBs en panelen uit de SMT-lijn haalt.\" \/>\n<meta property=\"og:url\" content=\"https:\/\/smans.com\/nl\/product\/magazine-unloaders-2\/\" \/>\n<meta property=\"og:site_name\" content=\"Smans\" \/>\n<meta property=\"article:modified_time\" content=\"2026-04-14T09:00:50+00:00\" \/>\n<meta name=\"twitter:card\" content=\"summary_large_image\" \/>\n<script type=\"application\/ld+json\" class=\"yoast-schema-graph\">{\"@context\":\"https:\/\/schema.org\",\"@graph\":[{\"@type\":\"WebPage\",\"@id\":\"https:\/\/smans.com\/nl\/product\/magazine-unloaders-2\/\",\"url\":\"https:\/\/smans.com\/nl\/product\/magazine-unloaders-2\/\",\"name\":\"Magazine Unloaders - Smans\",\"isPartOf\":{\"@id\":\"https:\/\/smans.com\/nl\/#website\"},\"datePublished\":\"2024-06-09T15:16:01+00:00\",\"dateModified\":\"2026-04-14T09:00:50+00:00\",\"breadcrumb\":{\"@id\":\"https:\/\/smans.com\/nl\/product\/magazine-unloaders-2\/#breadcrumb\"},\"inLanguage\":\"nl-NL\",\"potentialAction\":[{\"@type\":\"ReadAction\",\"target\":[\"https:\/\/smans.com\/nl\/product\/magazine-unloaders-2\/\"]}]},{\"@type\":\"BreadcrumbList\",\"@id\":\"https:\/\/smans.com\/nl\/product\/magazine-unloaders-2\/#breadcrumb\",\"itemListElement\":[{\"@type\":\"ListItem\",\"position\":1,\"name\":\"Home\",\"item\":\"https:\/\/smans.com\/nl\/\"},{\"@type\":\"ListItem\",\"position\":2,\"name\":\"Webshop\",\"item\":\"https:\/\/smans.com\/nl\/webshop\/\"},{\"@type\":\"ListItem\",\"position\":3,\"name\":\"Magazine Unloaders\"}]},{\"@type\":\"WebSite\",\"@id\":\"https:\/\/smans.com\/nl\/#website\",\"url\":\"https:\/\/smans.com\/nl\/\",\"name\":\"Smans\",\"description\":\"\",\"publisher\":{\"@id\":\"https:\/\/smans.com\/nl\/#organization\"},\"potentialAction\":[{\"@type\":\"SearchAction\",\"target\":{\"@type\":\"EntryPoint\",\"urlTemplate\":\"https:\/\/smans.com\/nl\/?s={search_term_string}\"},\"query-input\":{\"@type\":\"PropertyValueSpecification\",\"valueRequired\":true,\"valueName\":\"search_term_string\"}}],\"inLanguage\":\"nl-NL\"},{\"@type\":\"Organization\",\"@id\":\"https:\/\/smans.com\/nl\/#organization\",\"name\":\"Smans\",\"url\":\"https:\/\/smans.com\/nl\/\",\"logo\":{\"@type\":\"ImageObject\",\"inLanguage\":\"nl-NL\",\"@id\":\"https:\/\/smans.com\/nl\/#\/schema\/logo\/image\/\",\"url\":\"https:\/\/smans.com\/wp-content\/uploads\/2023\/09\/logo.svg\",\"contentUrl\":\"https:\/\/smans.com\/wp-content\/uploads\/2023\/09\/logo.svg\",\"caption\":\"Smans\"},\"image\":{\"@id\":\"https:\/\/smans.com\/nl\/#\/schema\/logo\/image\/\"}}]}<\/script>\n<!-- \/ Yoast SEO plugin. -->","yoast_head_json":{"title":"Magazine Unloaders - Smans","robots":{"index":"index","follow":"follow","max-snippet":"max-snippet:-1","max-image-preview":"max-image-preview:large","max-video-preview":"max-video-preview:-1"},"canonical":"https:\/\/smans.com\/nl\/product\/magazine-unloaders-2\/","og_locale":"nl_NL","og_type":"article","og_title":"Magazine Unloaders - Smans","og_description":"PCB Magazine Unloader die PCBs en panelen uit de SMT-lijn haalt.","og_url":"https:\/\/smans.com\/nl\/product\/magazine-unloaders-2\/","og_site_name":"Smans","article_modified_time":"2026-04-14T09:00:50+00:00","twitter_card":"summary_large_image","schema":{"@context":"https:\/\/schema.org","@graph":[{"@type":"WebPage","@id":"https:\/\/smans.com\/nl\/product\/magazine-unloaders-2\/","url":"https:\/\/smans.com\/nl\/product\/magazine-unloaders-2\/","name":"Magazine Unloaders - Smans","isPartOf":{"@id":"https:\/\/smans.com\/nl\/#website"},"datePublished":"2024-06-09T15:16:01+00:00","dateModified":"2026-04-14T09:00:50+00:00","breadcrumb":{"@id":"https:\/\/smans.com\/nl\/product\/magazine-unloaders-2\/#breadcrumb"},"inLanguage":"nl-NL","potentialAction":[{"@type":"ReadAction","target":["https:\/\/smans.com\/nl\/product\/magazine-unloaders-2\/"]}]},{"@type":"BreadcrumbList","@id":"https:\/\/smans.com\/nl\/product\/magazine-unloaders-2\/#breadcrumb","itemListElement":[{"@type":"ListItem","position":1,"name":"Home","item":"https:\/\/smans.com\/nl\/"},{"@type":"ListItem","position":2,"name":"Webshop","item":"https:\/\/smans.com\/nl\/webshop\/"},{"@type":"ListItem","position":3,"name":"Magazine Unloaders"}]},{"@type":"WebSite","@id":"https:\/\/smans.com\/nl\/#website","url":"https:\/\/smans.com\/nl\/","name":"Smans","description":"","publisher":{"@id":"https:\/\/smans.com\/nl\/#organization"},"potentialAction":[{"@type":"SearchAction","target":{"@type":"EntryPoint","urlTemplate":"https:\/\/smans.com\/nl\/?s={search_term_string}"},"query-input":{"@type":"PropertyValueSpecification","valueRequired":true,"valueName":"search_term_string"}}],"inLanguage":"nl-NL"},{"@type":"Organization","@id":"https:\/\/smans.com\/nl\/#organization","name":"Smans","url":"https:\/\/smans.com\/nl\/","logo":{"@type":"ImageObject","inLanguage":"nl-NL","@id":"https:\/\/smans.com\/nl\/#\/schema\/logo\/image\/","url":"https:\/\/smans.com\/wp-content\/uploads\/2023\/09\/logo.svg","contentUrl":"https:\/\/smans.com\/wp-content\/uploads\/2023\/09\/logo.svg","caption":"Smans"},"image":{"@id":"https:\/\/smans.com\/nl\/#\/schema\/logo\/image\/"}}]}},"brands":[{"id":10771,"name":"E-Flex","slug":"brand-e-flex"}],"_links":{"self":[{"href":"https:\/\/smans.com\/nl\/wp-json\/wp\/v2\/product\/20100","targetHints":{"allow":["GET"]}}],"collection":[{"href":"https:\/\/smans.com\/nl\/wp-json\/wp\/v2\/product"}],"about":[{"href":"https:\/\/smans.com\/nl\/wp-json\/wp\/v2\/types\/product"}],"wp:attachment":[{"href":"https:\/\/smans.com\/nl\/wp-json\/wp\/v2\/media?parent=20100"}],"wp:term":[{"taxonomy":"pwb-brand","embeddable":true,"href":"https:\/\/smans.com\/nl\/wp-json\/wp\/v2\/pwb-brand?post=20100"},{"taxonomy":"product_brand","embeddable":true,"href":"https:\/\/smans.com\/nl\/wp-json\/wp\/v2\/product_brand?post=20100"},{"taxonomy":"product_cat","embeddable":true,"href":"https:\/\/smans.com\/nl\/wp-json\/wp\/v2\/product_cat?post=20100"},{"taxonomy":"product_tag","embeddable":true,"href":"https:\/\/smans.com\/nl\/wp-json\/wp\/v2\/product_tag?post=20100"}],"curies":[{"name":"wp","href":"https:\/\/api.w.org\/{rel}","templated":true}]}}