{"id":20233,"date":"2024-06-09T17:20:35","date_gmt":"2024-06-09T15:20:35","guid":{"rendered":"https:\/\/smans.com\/product\/neorouter-modula-dual\/"},"modified":"2026-04-14T11:00:59","modified_gmt":"2026-04-14T09:00:59","slug":"neorouter-modula-dual","status":"publish","type":"product","link":"https:\/\/smans.com\/nl\/product\/neorouter-modula-dual\/","title":{"rendered":"Osai - NeoRouter Modula Dual"},"content":{"rendered":"<p>Door de twee autonome freeskoppen &#8211; \u00e9\u00e9n boven en \u00e9\u00e9n onder &#8211; kan de scheidingstijd gehalveerd worden. Bovendien biedt dit de mogelijkheid om de toepassing zo te programmeren dat de optimale freesprestaties worden bereikt voor verschillende soorten printplaten.<br \/>Bovendien is het mogelijk om de spanning op de componenten te minimaliseren door de freesbanen hierop af te stemmen. Het vereenvoudigt de engineering van printplaten omdat er minder ontwerpregels moeten worden nageleefd.<\/p>\n","protected":false},"excerpt":{"rendered":"<p>De neo-router dual biedt de markt een innovatieve oplossing voor hoog-volume productie, waarbij het depanelleren van printplaten vaak de bottleneck is.<\/p>\n","protected":false},"featured_media":0,"template":"","meta":{"_acf_changed":false},"pwb-brand":[10797],"product_brand":[],"product_cat":[8609,8627,8696],"product_tag":[12188,12174,12186,12187],"class_list":{"0":"post-20233","1":"product","2":"type-product","3":"status-publish","5":"pwb-brand-brand-osai","6":"product_cat-elektronica","7":"product_cat-scheiders-depaneling","8":"product_cat-mechanische-depaneling","9":"product_tag-12188","10":"product_tag-sdp","11":"product_tag-sdp-50176276","12":"product_tag-sdp50176276","14":"first","15":"instock","16":"taxable","17":"shipping-taxable","18":"product-type-simple"},"acf":[],"yoast_head":"<!-- This site is optimized with the Yoast SEO plugin v27.1.1 - https:\/\/yoast.com\/product\/yoast-seo-wordpress\/ -->\n<title>NeoRouter Modula Dual - Smans<\/title>\n<meta name=\"robots\" content=\"index, follow, max-snippet:-1, max-image-preview:large, max-video-preview:-1\" \/>\n<link rel=\"canonical\" href=\"https:\/\/smans.com\/nl\/product\/neorouter-modula-dual\/\" \/>\n<meta property=\"og:locale\" content=\"nl_NL\" \/>\n<meta property=\"og:type\" content=\"article\" \/>\n<meta property=\"og:title\" content=\"NeoRouter Modula Dual - Smans\" \/>\n<meta property=\"og:description\" content=\"De neo-router dual biedt de markt een innovatieve oplossing voor hoog-volume productie, waarbij het depanelleren van printplaten vaak de bottleneck is.\" \/>\n<meta property=\"og:url\" content=\"https:\/\/smans.com\/nl\/product\/neorouter-modula-dual\/\" \/>\n<meta property=\"og:site_name\" content=\"Smans\" \/>\n<meta property=\"article:modified_time\" content=\"2026-04-14T09:00:59+00:00\" \/>\n<meta name=\"twitter:card\" content=\"summary_large_image\" \/>\n<script type=\"application\/ld+json\" class=\"yoast-schema-graph\">{\"@context\":\"https:\/\/schema.org\",\"@graph\":[{\"@type\":\"WebPage\",\"@id\":\"https:\/\/smans.com\/nl\/product\/neorouter-modula-dual\/\",\"url\":\"https:\/\/smans.com\/nl\/product\/neorouter-modula-dual\/\",\"name\":\"NeoRouter Modula Dual - Smans\",\"isPartOf\":{\"@id\":\"https:\/\/smans.com\/nl\/#website\"},\"datePublished\":\"2024-06-09T15:20:35+00:00\",\"dateModified\":\"2026-04-14T09:00:59+00:00\",\"breadcrumb\":{\"@id\":\"https:\/\/smans.com\/nl\/product\/neorouter-modula-dual\/#breadcrumb\"},\"inLanguage\":\"nl-NL\",\"potentialAction\":[{\"@type\":\"ReadAction\",\"target\":[\"https:\/\/smans.com\/nl\/product\/neorouter-modula-dual\/\"]}]},{\"@type\":\"BreadcrumbList\",\"@id\":\"https:\/\/smans.com\/nl\/product\/neorouter-modula-dual\/#breadcrumb\",\"itemListElement\":[{\"@type\":\"ListItem\",\"position\":1,\"name\":\"Home\",\"item\":\"https:\/\/smans.com\/nl\/\"},{\"@type\":\"ListItem\",\"position\":2,\"name\":\"Webshop\",\"item\":\"https:\/\/smans.com\/nl\/webshop\/\"},{\"@type\":\"ListItem\",\"position\":3,\"name\":\"NeoRouter Modula Dual\"}]},{\"@type\":\"WebSite\",\"@id\":\"https:\/\/smans.com\/nl\/#website\",\"url\":\"https:\/\/smans.com\/nl\/\",\"name\":\"Smans\",\"description\":\"\",\"publisher\":{\"@id\":\"https:\/\/smans.com\/nl\/#organization\"},\"potentialAction\":[{\"@type\":\"SearchAction\",\"target\":{\"@type\":\"EntryPoint\",\"urlTemplate\":\"https:\/\/smans.com\/nl\/?s={search_term_string}\"},\"query-input\":{\"@type\":\"PropertyValueSpecification\",\"valueRequired\":true,\"valueName\":\"search_term_string\"}}],\"inLanguage\":\"nl-NL\"},{\"@type\":\"Organization\",\"@id\":\"https:\/\/smans.com\/nl\/#organization\",\"name\":\"Smans\",\"url\":\"https:\/\/smans.com\/nl\/\",\"logo\":{\"@type\":\"ImageObject\",\"inLanguage\":\"nl-NL\",\"@id\":\"https:\/\/smans.com\/nl\/#\/schema\/logo\/image\/\",\"url\":\"https:\/\/smans.com\/wp-content\/uploads\/2023\/09\/logo.svg\",\"contentUrl\":\"https:\/\/smans.com\/wp-content\/uploads\/2023\/09\/logo.svg\",\"caption\":\"Smans\"},\"image\":{\"@id\":\"https:\/\/smans.com\/nl\/#\/schema\/logo\/image\/\"}}]}<\/script>\n<!-- \/ Yoast SEO plugin. -->","yoast_head_json":{"title":"NeoRouter Modula Dual - Smans","robots":{"index":"index","follow":"follow","max-snippet":"max-snippet:-1","max-image-preview":"max-image-preview:large","max-video-preview":"max-video-preview:-1"},"canonical":"https:\/\/smans.com\/nl\/product\/neorouter-modula-dual\/","og_locale":"nl_NL","og_type":"article","og_title":"NeoRouter Modula Dual - Smans","og_description":"De neo-router dual biedt de markt een innovatieve oplossing voor hoog-volume productie, waarbij het depanelleren van printplaten vaak de bottleneck is.","og_url":"https:\/\/smans.com\/nl\/product\/neorouter-modula-dual\/","og_site_name":"Smans","article_modified_time":"2026-04-14T09:00:59+00:00","twitter_card":"summary_large_image","schema":{"@context":"https:\/\/schema.org","@graph":[{"@type":"WebPage","@id":"https:\/\/smans.com\/nl\/product\/neorouter-modula-dual\/","url":"https:\/\/smans.com\/nl\/product\/neorouter-modula-dual\/","name":"NeoRouter Modula Dual - Smans","isPartOf":{"@id":"https:\/\/smans.com\/nl\/#website"},"datePublished":"2024-06-09T15:20:35+00:00","dateModified":"2026-04-14T09:00:59+00:00","breadcrumb":{"@id":"https:\/\/smans.com\/nl\/product\/neorouter-modula-dual\/#breadcrumb"},"inLanguage":"nl-NL","potentialAction":[{"@type":"ReadAction","target":["https:\/\/smans.com\/nl\/product\/neorouter-modula-dual\/"]}]},{"@type":"BreadcrumbList","@id":"https:\/\/smans.com\/nl\/product\/neorouter-modula-dual\/#breadcrumb","itemListElement":[{"@type":"ListItem","position":1,"name":"Home","item":"https:\/\/smans.com\/nl\/"},{"@type":"ListItem","position":2,"name":"Webshop","item":"https:\/\/smans.com\/nl\/webshop\/"},{"@type":"ListItem","position":3,"name":"NeoRouter Modula Dual"}]},{"@type":"WebSite","@id":"https:\/\/smans.com\/nl\/#website","url":"https:\/\/smans.com\/nl\/","name":"Smans","description":"","publisher":{"@id":"https:\/\/smans.com\/nl\/#organization"},"potentialAction":[{"@type":"SearchAction","target":{"@type":"EntryPoint","urlTemplate":"https:\/\/smans.com\/nl\/?s={search_term_string}"},"query-input":{"@type":"PropertyValueSpecification","valueRequired":true,"valueName":"search_term_string"}}],"inLanguage":"nl-NL"},{"@type":"Organization","@id":"https:\/\/smans.com\/nl\/#organization","name":"Smans","url":"https:\/\/smans.com\/nl\/","logo":{"@type":"ImageObject","inLanguage":"nl-NL","@id":"https:\/\/smans.com\/nl\/#\/schema\/logo\/image\/","url":"https:\/\/smans.com\/wp-content\/uploads\/2023\/09\/logo.svg","contentUrl":"https:\/\/smans.com\/wp-content\/uploads\/2023\/09\/logo.svg","caption":"Smans"},"image":{"@id":"https:\/\/smans.com\/nl\/#\/schema\/logo\/image\/"}}]}},"brands":[{"id":10797,"name":"Osai","slug":"brand-osai"}],"_links":{"self":[{"href":"https:\/\/smans.com\/nl\/wp-json\/wp\/v2\/product\/20233","targetHints":{"allow":["GET"]}}],"collection":[{"href":"https:\/\/smans.com\/nl\/wp-json\/wp\/v2\/product"}],"about":[{"href":"https:\/\/smans.com\/nl\/wp-json\/wp\/v2\/types\/product"}],"wp:attachment":[{"href":"https:\/\/smans.com\/nl\/wp-json\/wp\/v2\/media?parent=20233"}],"wp:term":[{"taxonomy":"pwb-brand","embeddable":true,"href":"https:\/\/smans.com\/nl\/wp-json\/wp\/v2\/pwb-brand?post=20233"},{"taxonomy":"product_brand","embeddable":true,"href":"https:\/\/smans.com\/nl\/wp-json\/wp\/v2\/product_brand?post=20233"},{"taxonomy":"product_cat","embeddable":true,"href":"https:\/\/smans.com\/nl\/wp-json\/wp\/v2\/product_cat?post=20233"},{"taxonomy":"product_tag","embeddable":true,"href":"https:\/\/smans.com\/nl\/wp-json\/wp\/v2\/product_tag?post=20233"}],"curies":[{"name":"wp","href":"https:\/\/api.w.org\/{rel}","templated":true}]}}