{"id":20249,"date":"2024-06-09T17:21:09","date_gmt":"2024-06-09T15:21:09","guid":{"rendered":"https:\/\/smans.com\/product\/vapor-phase-soldering-machine-vp7000-vacuum-inline\/"},"modified":"2026-04-13T11:02:07","modified_gmt":"2026-04-13T09:02:07","slug":"vapor-phase-soldering-machine-vp7000-200-vacuum-inline","status":"publish","type":"product","link":"https:\/\/smans.com\/nl\/product\/vapor-phase-soldering-machine-vp7000-200-vacuum-inline\/","title":{"rendered":"Asscon - Vapor Phase Soldering Machine VP7000-200 vacuum inline"},"content":{"rendered":"<h4 data-start=\"751\" data-end=\"803\">Multi Vacuum voor perfecte soldeerverbindingen<\/h4>\n<p data-start=\"804\" data-end=\"1270\">De kern van de VP7000 is het innovatieve <strong data-start=\"845\" data-end=\"868\">Multi Vacuum-proces<\/strong>, waarbij je producten zowel v\u00f3\u00f3r als tijdens het smelten van de soldeerpasta onder vacu\u00fcm worden gebracht. Zo worden luchtinsluitingen ge\u00eblimineerd en ontstaat een volledig dichte, thermisch geleidende verbinding. In combinatie met <strong data-start=\"1101\" data-end=\"1122\">Dynamic Profiling<\/strong> \u2014 automatische temperatuurregeling tijdens serieproductie \u2014 behaal je een reproduceerbaar, foutloos soldeerresultaat met minder dan <strong data-start=\"1255\" data-end=\"1267\">1% voids<\/strong>.<\/p>\n<h4 data-start=\"1272\" data-end=\"1309\">Ontworpen voor inline productie<\/h4>\n<p data-start=\"1310\" data-end=\"1785\">De VP7000 is gebouwd voor integratie in geautomatiseerde productielijnen. Dankzij het <strong data-start=\"1396\" data-end=\"1438\">elektrisch instelbare transportsysteem<\/strong> met <strong data-start=\"1443\" data-end=\"1461\">center support<\/strong> pas je snel de breedte aan voor verschillende PCB-formaten. De machine is beschikbaar in <strong data-start=\"1551\" data-end=\"1566\">single-lane<\/strong> of <strong data-start=\"1570\" data-end=\"1594\">dual-lane uitvoering<\/strong> voor maximale verwerkingssnelheid, en ondersteunt producten tot <strong data-start=\"1659\" data-end=\"1675\">620 \u00d7 430 mm<\/strong> (of <strong data-start=\"1680\" data-end=\"1700\">620 \u00d7 2 \u00d7 250 mm<\/strong> bij dual-lane). Dit maakt de VP7000 ideaal voor grootschalige, continue productie.<\/p>\n<h4 data-start=\"1787\" data-end=\"1827\">Effici\u00ebnt, betrouwbaar en duurzaam<\/h4>\n<p data-start=\"1828\" data-end=\"2262\">Met een <strong data-start=\"1836\" data-end=\"1873\">energieverbruik dat tot 60% lager<\/strong> ligt dan conventionele soldeerprocessen, minimaliseert de VP7000 niet alleen je operationele kosten, maar ook je ecologische voetafdruk. De machine is uitgerust met een <strong data-start=\"2043\" data-end=\"2076\">slim energiemanagementsysteem<\/strong>, werkt volledig zuurstofvrij en voorkomt oververhitting van componenten. Je profiteert van lage onderhoudskosten, volledige procestraceability en een stabiele, veilige werking \u2014 24\/7.<\/p>\n","protected":false},"excerpt":{"rendered":"<p>Krachtig inline vapor phase systeem voor grote series<\/p>\n","protected":false},"featured_media":0,"template":"","meta":{"_acf_changed":false},"pwb-brand":[10760],"product_brand":[],"product_cat":[8609,8628,8697],"product_tag":[12237,12220,12235,12236],"class_list":{"0":"post-20249","1":"product","2":"type-product","3":"status-publish","5":"pwb-brand-brand-asscon","6":"product_cat-elektronica","7":"product_cat-smt-assemblage-apparatuur","8":"product_cat-solderen","9":"product_tag-12237","10":"product_tag-assc","11":"product_tag-assc-3170000","12":"product_tag-assc3170000","14":"first","15":"instock","16":"taxable","17":"shipping-taxable","18":"product-type-simple"},"acf":[],"yoast_head":"<!-- This site is optimized with the Yoast SEO plugin v27.1.1 - https:\/\/yoast.com\/product\/yoast-seo-wordpress\/ -->\n<title>Vapor Phase Soldering Machine VP7000-200 vacuum inline - Smans<\/title>\n<meta name=\"robots\" content=\"index, follow, max-snippet:-1, max-image-preview:large, max-video-preview:-1\" \/>\n<link rel=\"canonical\" href=\"https:\/\/smans.com\/nl\/product\/vapor-phase-soldering-machine-vp7000-200-vacuum-inline\/\" \/>\n<meta property=\"og:locale\" content=\"nl_NL\" \/>\n<meta property=\"og:type\" content=\"article\" \/>\n<meta property=\"og:title\" content=\"Vapor Phase Soldering Machine VP7000-200 vacuum inline - Smans\" \/>\n<meta property=\"og:description\" content=\"Krachtig inline vapor phase systeem voor grote series\" \/>\n<meta property=\"og:url\" content=\"https:\/\/smans.com\/nl\/product\/vapor-phase-soldering-machine-vp7000-200-vacuum-inline\/\" \/>\n<meta property=\"og:site_name\" content=\"Smans\" \/>\n<meta property=\"article:modified_time\" content=\"2026-04-13T09:02:07+00:00\" \/>\n<meta name=\"twitter:card\" content=\"summary_large_image\" \/>\n<meta name=\"twitter:label1\" content=\"Geschatte leestijd\" \/>\n\t<meta name=\"twitter:data1\" content=\"1 minuut\" \/>\n<script type=\"application\/ld+json\" class=\"yoast-schema-graph\">{\"@context\":\"https:\/\/schema.org\",\"@graph\":[{\"@type\":\"WebPage\",\"@id\":\"https:\/\/smans.com\/nl\/product\/vapor-phase-soldering-machine-vp7000-200-vacuum-inline\/\",\"url\":\"https:\/\/smans.com\/nl\/product\/vapor-phase-soldering-machine-vp7000-200-vacuum-inline\/\",\"name\":\"Vapor Phase Soldering Machine VP7000-200 vacuum inline - Smans\",\"isPartOf\":{\"@id\":\"https:\/\/smans.com\/nl\/#website\"},\"datePublished\":\"2024-06-09T15:21:09+00:00\",\"dateModified\":\"2026-04-13T09:02:07+00:00\",\"breadcrumb\":{\"@id\":\"https:\/\/smans.com\/nl\/product\/vapor-phase-soldering-machine-vp7000-200-vacuum-inline\/#breadcrumb\"},\"inLanguage\":\"nl-NL\",\"potentialAction\":[{\"@type\":\"ReadAction\",\"target\":[\"https:\/\/smans.com\/nl\/product\/vapor-phase-soldering-machine-vp7000-200-vacuum-inline\/\"]}]},{\"@type\":\"BreadcrumbList\",\"@id\":\"https:\/\/smans.com\/nl\/product\/vapor-phase-soldering-machine-vp7000-200-vacuum-inline\/#breadcrumb\",\"itemListElement\":[{\"@type\":\"ListItem\",\"position\":1,\"name\":\"Home\",\"item\":\"https:\/\/smans.com\/nl\/\"},{\"@type\":\"ListItem\",\"position\":2,\"name\":\"Webshop\",\"item\":\"https:\/\/smans.com\/nl\/webshop\/\"},{\"@type\":\"ListItem\",\"position\":3,\"name\":\"Asscon - Vapor Phase Soldering Machine VP7000-200 vacuum inline\"}]},{\"@type\":\"WebSite\",\"@id\":\"https:\/\/smans.com\/nl\/#website\",\"url\":\"https:\/\/smans.com\/nl\/\",\"name\":\"Smans\",\"description\":\"\",\"publisher\":{\"@id\":\"https:\/\/smans.com\/nl\/#organization\"},\"potentialAction\":[{\"@type\":\"SearchAction\",\"target\":{\"@type\":\"EntryPoint\",\"urlTemplate\":\"https:\/\/smans.com\/nl\/?s={search_term_string}\"},\"query-input\":{\"@type\":\"PropertyValueSpecification\",\"valueRequired\":true,\"valueName\":\"search_term_string\"}}],\"inLanguage\":\"nl-NL\"},{\"@type\":\"Organization\",\"@id\":\"https:\/\/smans.com\/nl\/#organization\",\"name\":\"Smans\",\"url\":\"https:\/\/smans.com\/nl\/\",\"logo\":{\"@type\":\"ImageObject\",\"inLanguage\":\"nl-NL\",\"@id\":\"https:\/\/smans.com\/nl\/#\/schema\/logo\/image\/\",\"url\":\"https:\/\/smans.com\/wp-content\/uploads\/2023\/09\/logo.svg\",\"contentUrl\":\"https:\/\/smans.com\/wp-content\/uploads\/2023\/09\/logo.svg\",\"caption\":\"Smans\"},\"image\":{\"@id\":\"https:\/\/smans.com\/nl\/#\/schema\/logo\/image\/\"}}]}<\/script>\n<!-- \/ Yoast SEO plugin. -->","yoast_head_json":{"title":"Vapor Phase Soldering Machine VP7000-200 vacuum inline - Smans","robots":{"index":"index","follow":"follow","max-snippet":"max-snippet:-1","max-image-preview":"max-image-preview:large","max-video-preview":"max-video-preview:-1"},"canonical":"https:\/\/smans.com\/nl\/product\/vapor-phase-soldering-machine-vp7000-200-vacuum-inline\/","og_locale":"nl_NL","og_type":"article","og_title":"Vapor Phase Soldering Machine VP7000-200 vacuum inline - Smans","og_description":"Krachtig inline vapor phase systeem voor grote series","og_url":"https:\/\/smans.com\/nl\/product\/vapor-phase-soldering-machine-vp7000-200-vacuum-inline\/","og_site_name":"Smans","article_modified_time":"2026-04-13T09:02:07+00:00","twitter_card":"summary_large_image","twitter_misc":{"Geschatte leestijd":"1 minuut"},"schema":{"@context":"https:\/\/schema.org","@graph":[{"@type":"WebPage","@id":"https:\/\/smans.com\/nl\/product\/vapor-phase-soldering-machine-vp7000-200-vacuum-inline\/","url":"https:\/\/smans.com\/nl\/product\/vapor-phase-soldering-machine-vp7000-200-vacuum-inline\/","name":"Vapor Phase Soldering Machine VP7000-200 vacuum inline - Smans","isPartOf":{"@id":"https:\/\/smans.com\/nl\/#website"},"datePublished":"2024-06-09T15:21:09+00:00","dateModified":"2026-04-13T09:02:07+00:00","breadcrumb":{"@id":"https:\/\/smans.com\/nl\/product\/vapor-phase-soldering-machine-vp7000-200-vacuum-inline\/#breadcrumb"},"inLanguage":"nl-NL","potentialAction":[{"@type":"ReadAction","target":["https:\/\/smans.com\/nl\/product\/vapor-phase-soldering-machine-vp7000-200-vacuum-inline\/"]}]},{"@type":"BreadcrumbList","@id":"https:\/\/smans.com\/nl\/product\/vapor-phase-soldering-machine-vp7000-200-vacuum-inline\/#breadcrumb","itemListElement":[{"@type":"ListItem","position":1,"name":"Home","item":"https:\/\/smans.com\/nl\/"},{"@type":"ListItem","position":2,"name":"Webshop","item":"https:\/\/smans.com\/nl\/webshop\/"},{"@type":"ListItem","position":3,"name":"Asscon - Vapor Phase Soldering Machine VP7000-200 vacuum inline"}]},{"@type":"WebSite","@id":"https:\/\/smans.com\/nl\/#website","url":"https:\/\/smans.com\/nl\/","name":"Smans","description":"","publisher":{"@id":"https:\/\/smans.com\/nl\/#organization"},"potentialAction":[{"@type":"SearchAction","target":{"@type":"EntryPoint","urlTemplate":"https:\/\/smans.com\/nl\/?s={search_term_string}"},"query-input":{"@type":"PropertyValueSpecification","valueRequired":true,"valueName":"search_term_string"}}],"inLanguage":"nl-NL"},{"@type":"Organization","@id":"https:\/\/smans.com\/nl\/#organization","name":"Smans","url":"https:\/\/smans.com\/nl\/","logo":{"@type":"ImageObject","inLanguage":"nl-NL","@id":"https:\/\/smans.com\/nl\/#\/schema\/logo\/image\/","url":"https:\/\/smans.com\/wp-content\/uploads\/2023\/09\/logo.svg","contentUrl":"https:\/\/smans.com\/wp-content\/uploads\/2023\/09\/logo.svg","caption":"Smans"},"image":{"@id":"https:\/\/smans.com\/nl\/#\/schema\/logo\/image\/"}}]}},"brands":[{"id":10760,"name":"Asscon","slug":"brand-asscon"}],"_links":{"self":[{"href":"https:\/\/smans.com\/nl\/wp-json\/wp\/v2\/product\/20249","targetHints":{"allow":["GET"]}}],"collection":[{"href":"https:\/\/smans.com\/nl\/wp-json\/wp\/v2\/product"}],"about":[{"href":"https:\/\/smans.com\/nl\/wp-json\/wp\/v2\/types\/product"}],"wp:attachment":[{"href":"https:\/\/smans.com\/nl\/wp-json\/wp\/v2\/media?parent=20249"}],"wp:term":[{"taxonomy":"pwb-brand","embeddable":true,"href":"https:\/\/smans.com\/nl\/wp-json\/wp\/v2\/pwb-brand?post=20249"},{"taxonomy":"product_brand","embeddable":true,"href":"https:\/\/smans.com\/nl\/wp-json\/wp\/v2\/product_brand?post=20249"},{"taxonomy":"product_cat","embeddable":true,"href":"https:\/\/smans.com\/nl\/wp-json\/wp\/v2\/product_cat?post=20249"},{"taxonomy":"product_tag","embeddable":true,"href":"https:\/\/smans.com\/nl\/wp-json\/wp\/v2\/product_tag?post=20249"}],"curies":[{"name":"wp","href":"https:\/\/api.w.org\/{rel}","templated":true}]}}