{"id":20276,"date":"2024-06-09T17:22:04","date_gmt":"2024-06-09T15:22:04","guid":{"rendered":"https:\/\/smans.com\/product\/manual-pick-place-machine-sm902proxl\/"},"modified":"2026-04-09T11:20:02","modified_gmt":"2026-04-09T09:20:02","slug":"manual-pick-place-machine-sm902proxl","status":"publish","type":"product","link":"https:\/\/smans.com\/nl\/product\/manual-pick-place-machine-sm902proxl\/","title":{"rendered":"Fritsch SMT - Manual Pick &amp; Place Machine SM902proXL"},"content":{"rendered":"<p>In tegenstelling tot de SM902 kan de SM902professionalXL worden uitgerust met motorgestuurde toevoersystemen met LED&#8217;s en een automatisch doseersysteem voor lijm of soldeerpasta.<\/p>\n<p>Tijdens het assembleren beweegt het oog automatisch naar de volgende plaatsingspositie en geeft daarbij aan waar het onderdeel geplaatst moet worden. De gebruiker hoeft alleen de geleidepen in het oog te steken en is op de juiste positie.<\/p>\n<p>Voor het defini\u00ebren van positieco\u00f6rdinaten kunnen CAD-gegevens rechtstreeks worden ge\u00efmporteerd of kunnen de posities handmatig worden ingegeven.<\/p>\n","protected":false},"excerpt":{"rendered":"<p>De SM902professionalXL biedt &#8211; naast 100% plaatsingszekerheid en veel comfort voor de gebruiker &#8211; een hogere assemblage-output dan de andere LM- of SM-systemen.<\/p>\n","protected":false},"featured_media":0,"template":"","meta":{"_acf_changed":false},"pwb-brand":[10778],"product_brand":[],"product_cat":[8609,8628,8701],"product_tag":[12323,12288,12321,12322],"class_list":{"0":"post-20276","1":"product","2":"type-product","3":"status-publish","5":"pwb-brand-brand-fritsch","6":"product_cat-elektronica","7":"product_cat-smt-assemblage-apparatuur","8":"product_cat-prototyping","9":"product_tag-12323","10":"product_tag-fri","11":"product_tag-fri-90222101","12":"product_tag-fri90222101","14":"first","15":"instock","16":"taxable","17":"shipping-taxable","18":"product-type-simple"},"acf":[],"yoast_head":"<!-- This site is optimized with the Yoast SEO plugin v27.1.1 - https:\/\/yoast.com\/product\/yoast-seo-wordpress\/ -->\n<title>Manual Pick &amp; Place Machine SM902proXL - Smans<\/title>\n<meta name=\"robots\" content=\"index, follow, max-snippet:-1, max-image-preview:large, max-video-preview:-1\" \/>\n<link rel=\"canonical\" href=\"https:\/\/smans.com\/nl\/product\/manual-pick-place-machine-sm902proxl\/\" \/>\n<meta property=\"og:locale\" content=\"nl_NL\" \/>\n<meta property=\"og:type\" content=\"article\" \/>\n<meta property=\"og:title\" content=\"Manual Pick &amp; Place Machine SM902proXL - Smans\" \/>\n<meta property=\"og:description\" content=\"De SM902professionalXL biedt - naast 100% plaatsingszekerheid en veel comfort voor de gebruiker - een hogere assemblage-output dan de andere LM- of SM-systemen.\" \/>\n<meta property=\"og:url\" content=\"https:\/\/smans.com\/nl\/product\/manual-pick-place-machine-sm902proxl\/\" \/>\n<meta property=\"og:site_name\" content=\"Smans\" \/>\n<meta property=\"article:modified_time\" content=\"2026-04-09T09:20:02+00:00\" \/>\n<meta name=\"twitter:card\" content=\"summary_large_image\" \/>\n<script type=\"application\/ld+json\" class=\"yoast-schema-graph\">{\"@context\":\"https:\/\/schema.org\",\"@graph\":[{\"@type\":\"WebPage\",\"@id\":\"https:\/\/smans.com\/nl\/product\/manual-pick-place-machine-sm902proxl\/\",\"url\":\"https:\/\/smans.com\/nl\/product\/manual-pick-place-machine-sm902proxl\/\",\"name\":\"Manual Pick &amp; Place Machine SM902proXL - Smans\",\"isPartOf\":{\"@id\":\"https:\/\/smans.com\/nl\/#website\"},\"datePublished\":\"2024-06-09T15:22:04+00:00\",\"dateModified\":\"2026-04-09T09:20:02+00:00\",\"breadcrumb\":{\"@id\":\"https:\/\/smans.com\/nl\/product\/manual-pick-place-machine-sm902proxl\/#breadcrumb\"},\"inLanguage\":\"nl-NL\",\"potentialAction\":[{\"@type\":\"ReadAction\",\"target\":[\"https:\/\/smans.com\/nl\/product\/manual-pick-place-machine-sm902proxl\/\"]}]},{\"@type\":\"BreadcrumbList\",\"@id\":\"https:\/\/smans.com\/nl\/product\/manual-pick-place-machine-sm902proxl\/#breadcrumb\",\"itemListElement\":[{\"@type\":\"ListItem\",\"position\":1,\"name\":\"Home\",\"item\":\"https:\/\/smans.com\/nl\/\"},{\"@type\":\"ListItem\",\"position\":2,\"name\":\"Webshop\",\"item\":\"https:\/\/smans.com\/nl\/webshop\/\"},{\"@type\":\"ListItem\",\"position\":3,\"name\":\"Fritsch SMT - Manual Pick &amp; Place Machine SM902proXL\"}]},{\"@type\":\"WebSite\",\"@id\":\"https:\/\/smans.com\/nl\/#website\",\"url\":\"https:\/\/smans.com\/nl\/\",\"name\":\"Smans\",\"description\":\"\",\"publisher\":{\"@id\":\"https:\/\/smans.com\/nl\/#organization\"},\"potentialAction\":[{\"@type\":\"SearchAction\",\"target\":{\"@type\":\"EntryPoint\",\"urlTemplate\":\"https:\/\/smans.com\/nl\/?s={search_term_string}\"},\"query-input\":{\"@type\":\"PropertyValueSpecification\",\"valueRequired\":true,\"valueName\":\"search_term_string\"}}],\"inLanguage\":\"nl-NL\"},{\"@type\":\"Organization\",\"@id\":\"https:\/\/smans.com\/nl\/#organization\",\"name\":\"Smans\",\"url\":\"https:\/\/smans.com\/nl\/\",\"logo\":{\"@type\":\"ImageObject\",\"inLanguage\":\"nl-NL\",\"@id\":\"https:\/\/smans.com\/nl\/#\/schema\/logo\/image\/\",\"url\":\"https:\/\/smans.com\/wp-content\/uploads\/2023\/09\/logo.svg\",\"contentUrl\":\"https:\/\/smans.com\/wp-content\/uploads\/2023\/09\/logo.svg\",\"caption\":\"Smans\"},\"image\":{\"@id\":\"https:\/\/smans.com\/nl\/#\/schema\/logo\/image\/\"}}]}<\/script>\n<!-- \/ Yoast SEO plugin. -->","yoast_head_json":{"title":"Manual Pick &amp; Place Machine SM902proXL - Smans","robots":{"index":"index","follow":"follow","max-snippet":"max-snippet:-1","max-image-preview":"max-image-preview:large","max-video-preview":"max-video-preview:-1"},"canonical":"https:\/\/smans.com\/nl\/product\/manual-pick-place-machine-sm902proxl\/","og_locale":"nl_NL","og_type":"article","og_title":"Manual Pick &amp; Place Machine SM902proXL - Smans","og_description":"De SM902professionalXL biedt - naast 100% plaatsingszekerheid en veel comfort voor de gebruiker - een hogere assemblage-output dan de andere LM- of SM-systemen.","og_url":"https:\/\/smans.com\/nl\/product\/manual-pick-place-machine-sm902proxl\/","og_site_name":"Smans","article_modified_time":"2026-04-09T09:20:02+00:00","twitter_card":"summary_large_image","schema":{"@context":"https:\/\/schema.org","@graph":[{"@type":"WebPage","@id":"https:\/\/smans.com\/nl\/product\/manual-pick-place-machine-sm902proxl\/","url":"https:\/\/smans.com\/nl\/product\/manual-pick-place-machine-sm902proxl\/","name":"Manual Pick &amp; Place Machine SM902proXL - Smans","isPartOf":{"@id":"https:\/\/smans.com\/nl\/#website"},"datePublished":"2024-06-09T15:22:04+00:00","dateModified":"2026-04-09T09:20:02+00:00","breadcrumb":{"@id":"https:\/\/smans.com\/nl\/product\/manual-pick-place-machine-sm902proxl\/#breadcrumb"},"inLanguage":"nl-NL","potentialAction":[{"@type":"ReadAction","target":["https:\/\/smans.com\/nl\/product\/manual-pick-place-machine-sm902proxl\/"]}]},{"@type":"BreadcrumbList","@id":"https:\/\/smans.com\/nl\/product\/manual-pick-place-machine-sm902proxl\/#breadcrumb","itemListElement":[{"@type":"ListItem","position":1,"name":"Home","item":"https:\/\/smans.com\/nl\/"},{"@type":"ListItem","position":2,"name":"Webshop","item":"https:\/\/smans.com\/nl\/webshop\/"},{"@type":"ListItem","position":3,"name":"Fritsch SMT - Manual Pick &amp; Place Machine SM902proXL"}]},{"@type":"WebSite","@id":"https:\/\/smans.com\/nl\/#website","url":"https:\/\/smans.com\/nl\/","name":"Smans","description":"","publisher":{"@id":"https:\/\/smans.com\/nl\/#organization"},"potentialAction":[{"@type":"SearchAction","target":{"@type":"EntryPoint","urlTemplate":"https:\/\/smans.com\/nl\/?s={search_term_string}"},"query-input":{"@type":"PropertyValueSpecification","valueRequired":true,"valueName":"search_term_string"}}],"inLanguage":"nl-NL"},{"@type":"Organization","@id":"https:\/\/smans.com\/nl\/#organization","name":"Smans","url":"https:\/\/smans.com\/nl\/","logo":{"@type":"ImageObject","inLanguage":"nl-NL","@id":"https:\/\/smans.com\/nl\/#\/schema\/logo\/image\/","url":"https:\/\/smans.com\/wp-content\/uploads\/2023\/09\/logo.svg","contentUrl":"https:\/\/smans.com\/wp-content\/uploads\/2023\/09\/logo.svg","caption":"Smans"},"image":{"@id":"https:\/\/smans.com\/nl\/#\/schema\/logo\/image\/"}}]}},"brands":[{"id":10778,"name":"Fritsch SMT","slug":"brand-fritsch"}],"_links":{"self":[{"href":"https:\/\/smans.com\/nl\/wp-json\/wp\/v2\/product\/20276","targetHints":{"allow":["GET"]}}],"collection":[{"href":"https:\/\/smans.com\/nl\/wp-json\/wp\/v2\/product"}],"about":[{"href":"https:\/\/smans.com\/nl\/wp-json\/wp\/v2\/types\/product"}],"wp:attachment":[{"href":"https:\/\/smans.com\/nl\/wp-json\/wp\/v2\/media?parent=20276"}],"wp:term":[{"taxonomy":"pwb-brand","embeddable":true,"href":"https:\/\/smans.com\/nl\/wp-json\/wp\/v2\/pwb-brand?post=20276"},{"taxonomy":"product_brand","embeddable":true,"href":"https:\/\/smans.com\/nl\/wp-json\/wp\/v2\/product_brand?post=20276"},{"taxonomy":"product_cat","embeddable":true,"href":"https:\/\/smans.com\/nl\/wp-json\/wp\/v2\/product_cat?post=20276"},{"taxonomy":"product_tag","embeddable":true,"href":"https:\/\/smans.com\/nl\/wp-json\/wp\/v2\/product_tag?post=20276"}],"curies":[{"name":"wp","href":"https:\/\/api.w.org\/{rel}","templated":true}]}}