{"id":20288,"date":"2024-06-09T17:22:29","date_gmt":"2024-06-09T15:22:29","guid":{"rendered":"https:\/\/smans.com\/product\/stencil-printer-versaprint-2-ultra\/"},"modified":"2026-05-03T10:13:03","modified_gmt":"2026-05-03T08:13:03","slug":"stencil-printer-versaprint-2-ultra","status":"publish","type":"product","link":"https:\/\/smans.com\/nl\/product\/stencil-printer-versaprint-2-ultra\/","title":{"rendered":"Ersa - Stencil Printer VERSAPRINT 2 ULTRA\u00b3"},"content":{"rendered":"<p data-start=\"229\" data-end=\"701\">De <strong data-start=\"258\" data-end=\"281\">VERSAPRINT 2 ULTRA\u00b3<\/strong> is ontwikkeld voor de meest veeleisende SMT-productielijnen waar <strong data-start=\"347\" data-end=\"384\">volume, hoogte, ligging en offset<\/strong> van soldeerpasta-afdrukken nauwkeurig moeten worden gecontroleerd. Dankzij de geavanceerde <strong data-start=\"476\" data-end=\"513\">3D-LIST-lijnscankameratechnologie<\/strong> kan de machine de hoogteprofielen van iedere soldeerpasta\u00adreli\u00ebf meten \u2013 dus niet slechts dekking of positie, maar of bijvoorbeeld de pasta aan de randen afloopt of volledig uniform is.<\/p>\n<p data-start=\"703\" data-end=\"1141\">De ge\u00efntegreerde inspectie gebeurt direct na het printen, waardoor de machine fungeert als zowel stencilprinter als 100% SPI-systeem in \u00e9\u00e9n. Dit levert meerdere voordelen op: er is minder vloeroppervlak nodig dan voor aparte print- en inspectiemachines, het proces is volledig gecentraliseerd onder \u00e9\u00e9n besturingssysteem, en de closed-loop functie kan automatisch offsetcorrecties sturen naar de printkop voor optimale afdrukresultaten.<\/p>\n<p data-start=\"1143\" data-end=\"1500\">Met een substratevermogen van <strong data-start=\"1173\" data-end=\"1196\">minimaal 50 \u00d7 50 mm<\/strong> tot <strong data-start=\"1201\" data-end=\"1226\">maximaal 680 \u00d7 500 mm<\/strong> (inspectiegebied tot circa 550 \u00d7 500 mm) en een printkop met twee onafhankelijke squeegee-units met continue drukregeling (0-230 N) levert de machine uitstekende herhaalbaarheid (\u00b112,5 \u00b5m) en printnauwkeurigheid (\u00b125 \u00b5m) binnen korte cyclustijden (ongeveer 10 s + print).<\/p>\n<p data-start=\"1502\" data-end=\"1698\">In wezen is de VERSAPRINT 2 ULTRA\u00b3 een toekomstgerichte investering voor producenten die streven naar maximale kwaliteit, minimale procesrisico\u2019s en ge\u00efntegreerde inspectie zonder extra footprint.<\/p>\n","protected":false},"excerpt":{"rendered":"<p>\u2019s Werelds eerste stencilprinter met volledig ge\u00efntegreerde 3D SPI-inspectie, waarmee print- en inspectieproces naadloos in \u00e9\u00e9n machine zijn gecombineerd.<\/p>\n","protected":false},"featured_media":0,"template":"","meta":{"_acf_changed":false},"pwb-brand":[10773],"product_brand":[],"product_cat":[8609,8628,8699],"product_tag":[12360,12239,12358,12359],"class_list":{"0":"post-20288","1":"product","2":"type-product","3":"status-publish","5":"pwb-brand-brand-ersa","6":"product_cat-elektronica","7":"product_cat-smt-assemblage-apparatuur","8":"product_cat-stencilprinten","9":"product_tag-eb71b0fb","10":"product_tag-saep","11":"product_tag-saep-eb71b0fb","12":"product_tag-saepeb71b0fb","14":"first","15":"instock","16":"taxable","17":"shipping-taxable","18":"product-type-simple"},"acf":[],"yoast_head":"<!-- This site is optimized with the Yoast SEO plugin v27.1.1 - https:\/\/yoast.com\/product\/yoast-seo-wordpress\/ -->\n<title>Stencil Printer VERSAPRINT 2 ULTRA\u00b3 - Smans<\/title>\n<meta name=\"robots\" content=\"index, follow, max-snippet:-1, max-image-preview:large, max-video-preview:-1\" \/>\n<link rel=\"canonical\" href=\"https:\/\/smans.com\/nl\/product\/stencil-printer-versaprint-2-ultra\/\" \/>\n<meta property=\"og:locale\" content=\"nl_NL\" \/>\n<meta property=\"og:type\" content=\"article\" \/>\n<meta property=\"og:title\" content=\"Stencil Printer VERSAPRINT 2 ULTRA\u00b3 - Smans\" \/>\n<meta property=\"og:description\" content=\"\u2019s Werelds eerste stencilprinter met volledig ge\u00efntegreerde 3D SPI-inspectie, waarmee print- en inspectieproces naadloos in \u00e9\u00e9n machine zijn gecombineerd.\" \/>\n<meta property=\"og:url\" content=\"https:\/\/smans.com\/nl\/product\/stencil-printer-versaprint-2-ultra\/\" \/>\n<meta property=\"og:site_name\" content=\"Smans\" \/>\n<meta property=\"article:modified_time\" content=\"2026-05-03T08:13:03+00:00\" \/>\n<meta name=\"twitter:card\" content=\"summary_large_image\" \/>\n<meta name=\"twitter:label1\" content=\"Geschatte leestijd\" \/>\n\t<meta name=\"twitter:data1\" content=\"1 minuut\" \/>\n<script type=\"application\/ld+json\" class=\"yoast-schema-graph\">{\"@context\":\"https:\/\/schema.org\",\"@graph\":[{\"@type\":\"WebPage\",\"@id\":\"https:\/\/smans.com\/nl\/product\/stencil-printer-versaprint-2-ultra\/\",\"url\":\"https:\/\/smans.com\/nl\/product\/stencil-printer-versaprint-2-ultra\/\",\"name\":\"Stencil Printer VERSAPRINT 2 ULTRA\u00b3 - Smans\",\"isPartOf\":{\"@id\":\"https:\/\/smans.com\/nl\/#website\"},\"datePublished\":\"2024-06-09T15:22:29+00:00\",\"dateModified\":\"2026-05-03T08:13:03+00:00\",\"breadcrumb\":{\"@id\":\"https:\/\/smans.com\/nl\/product\/stencil-printer-versaprint-2-ultra\/#breadcrumb\"},\"inLanguage\":\"nl-NL\",\"potentialAction\":[{\"@type\":\"ReadAction\",\"target\":[\"https:\/\/smans.com\/nl\/product\/stencil-printer-versaprint-2-ultra\/\"]}]},{\"@type\":\"BreadcrumbList\",\"@id\":\"https:\/\/smans.com\/nl\/product\/stencil-printer-versaprint-2-ultra\/#breadcrumb\",\"itemListElement\":[{\"@type\":\"ListItem\",\"position\":1,\"name\":\"Home\",\"item\":\"https:\/\/smans.com\/nl\/\"},{\"@type\":\"ListItem\",\"position\":2,\"name\":\"Webshop\",\"item\":\"https:\/\/smans.com\/nl\/webshop\/\"},{\"@type\":\"ListItem\",\"position\":3,\"name\":\"Ersa - Stencil Printer VERSAPRINT 2 ULTRA\u00b3\"}]},{\"@type\":\"WebSite\",\"@id\":\"https:\/\/smans.com\/nl\/#website\",\"url\":\"https:\/\/smans.com\/nl\/\",\"name\":\"Smans\",\"description\":\"\",\"publisher\":{\"@id\":\"https:\/\/smans.com\/nl\/#organization\"},\"potentialAction\":[{\"@type\":\"SearchAction\",\"target\":{\"@type\":\"EntryPoint\",\"urlTemplate\":\"https:\/\/smans.com\/nl\/?s={search_term_string}\"},\"query-input\":{\"@type\":\"PropertyValueSpecification\",\"valueRequired\":true,\"valueName\":\"search_term_string\"}}],\"inLanguage\":\"nl-NL\"},{\"@type\":\"Organization\",\"@id\":\"https:\/\/smans.com\/nl\/#organization\",\"name\":\"Smans\",\"url\":\"https:\/\/smans.com\/nl\/\",\"logo\":{\"@type\":\"ImageObject\",\"inLanguage\":\"nl-NL\",\"@id\":\"https:\/\/smans.com\/nl\/#\/schema\/logo\/image\/\",\"url\":\"https:\/\/smans.com\/wp-content\/uploads\/2023\/09\/logo.svg\",\"contentUrl\":\"https:\/\/smans.com\/wp-content\/uploads\/2023\/09\/logo.svg\",\"caption\":\"Smans\"},\"image\":{\"@id\":\"https:\/\/smans.com\/nl\/#\/schema\/logo\/image\/\"}}]}<\/script>\n<!-- \/ Yoast SEO plugin. -->","yoast_head_json":{"title":"Stencil Printer VERSAPRINT 2 ULTRA\u00b3 - Smans","robots":{"index":"index","follow":"follow","max-snippet":"max-snippet:-1","max-image-preview":"max-image-preview:large","max-video-preview":"max-video-preview:-1"},"canonical":"https:\/\/smans.com\/nl\/product\/stencil-printer-versaprint-2-ultra\/","og_locale":"nl_NL","og_type":"article","og_title":"Stencil Printer VERSAPRINT 2 ULTRA\u00b3 - Smans","og_description":"\u2019s Werelds eerste stencilprinter met volledig ge\u00efntegreerde 3D SPI-inspectie, waarmee print- en inspectieproces naadloos in \u00e9\u00e9n machine zijn gecombineerd.","og_url":"https:\/\/smans.com\/nl\/product\/stencil-printer-versaprint-2-ultra\/","og_site_name":"Smans","article_modified_time":"2026-05-03T08:13:03+00:00","twitter_card":"summary_large_image","twitter_misc":{"Geschatte leestijd":"1 minuut"},"schema":{"@context":"https:\/\/schema.org","@graph":[{"@type":"WebPage","@id":"https:\/\/smans.com\/nl\/product\/stencil-printer-versaprint-2-ultra\/","url":"https:\/\/smans.com\/nl\/product\/stencil-printer-versaprint-2-ultra\/","name":"Stencil Printer VERSAPRINT 2 ULTRA\u00b3 - Smans","isPartOf":{"@id":"https:\/\/smans.com\/nl\/#website"},"datePublished":"2024-06-09T15:22:29+00:00","dateModified":"2026-05-03T08:13:03+00:00","breadcrumb":{"@id":"https:\/\/smans.com\/nl\/product\/stencil-printer-versaprint-2-ultra\/#breadcrumb"},"inLanguage":"nl-NL","potentialAction":[{"@type":"ReadAction","target":["https:\/\/smans.com\/nl\/product\/stencil-printer-versaprint-2-ultra\/"]}]},{"@type":"BreadcrumbList","@id":"https:\/\/smans.com\/nl\/product\/stencil-printer-versaprint-2-ultra\/#breadcrumb","itemListElement":[{"@type":"ListItem","position":1,"name":"Home","item":"https:\/\/smans.com\/nl\/"},{"@type":"ListItem","position":2,"name":"Webshop","item":"https:\/\/smans.com\/nl\/webshop\/"},{"@type":"ListItem","position":3,"name":"Ersa - Stencil Printer VERSAPRINT 2 ULTRA\u00b3"}]},{"@type":"WebSite","@id":"https:\/\/smans.com\/nl\/#website","url":"https:\/\/smans.com\/nl\/","name":"Smans","description":"","publisher":{"@id":"https:\/\/smans.com\/nl\/#organization"},"potentialAction":[{"@type":"SearchAction","target":{"@type":"EntryPoint","urlTemplate":"https:\/\/smans.com\/nl\/?s={search_term_string}"},"query-input":{"@type":"PropertyValueSpecification","valueRequired":true,"valueName":"search_term_string"}}],"inLanguage":"nl-NL"},{"@type":"Organization","@id":"https:\/\/smans.com\/nl\/#organization","name":"Smans","url":"https:\/\/smans.com\/nl\/","logo":{"@type":"ImageObject","inLanguage":"nl-NL","@id":"https:\/\/smans.com\/nl\/#\/schema\/logo\/image\/","url":"https:\/\/smans.com\/wp-content\/uploads\/2023\/09\/logo.svg","contentUrl":"https:\/\/smans.com\/wp-content\/uploads\/2023\/09\/logo.svg","caption":"Smans"},"image":{"@id":"https:\/\/smans.com\/nl\/#\/schema\/logo\/image\/"}}]}},"brands":[{"id":10773,"name":"Ersa","slug":"brand-ersa"}],"_links":{"self":[{"href":"https:\/\/smans.com\/nl\/wp-json\/wp\/v2\/product\/20288","targetHints":{"allow":["GET"]}}],"collection":[{"href":"https:\/\/smans.com\/nl\/wp-json\/wp\/v2\/product"}],"about":[{"href":"https:\/\/smans.com\/nl\/wp-json\/wp\/v2\/types\/product"}],"wp:attachment":[{"href":"https:\/\/smans.com\/nl\/wp-json\/wp\/v2\/media?parent=20288"}],"wp:term":[{"taxonomy":"pwb-brand","embeddable":true,"href":"https:\/\/smans.com\/nl\/wp-json\/wp\/v2\/pwb-brand?post=20288"},{"taxonomy":"product_brand","embeddable":true,"href":"https:\/\/smans.com\/nl\/wp-json\/wp\/v2\/product_brand?post=20288"},{"taxonomy":"product_cat","embeddable":true,"href":"https:\/\/smans.com\/nl\/wp-json\/wp\/v2\/product_cat?post=20288"},{"taxonomy":"product_tag","embeddable":true,"href":"https:\/\/smans.com\/nl\/wp-json\/wp\/v2\/product_tag?post=20288"}],"curies":[{"name":"wp","href":"https:\/\/api.w.org\/{rel}","templated":true}]}}