{"id":20291,"date":"2024-06-09T17:22:36","date_gmt":"2024-06-09T15:22:36","guid":{"rendered":"https:\/\/smans.com\/product\/stencil-printer-versaprint-2-elite-plus\/"},"modified":"2026-04-07T10:51:57","modified_gmt":"2026-04-07T08:51:57","slug":"stencil-printer-versaprint-2-elite-plus","status":"publish","type":"product","link":"https:\/\/smans.com\/nl\/product\/stencil-printer-versaprint-2-elite-plus\/","title":{"rendered":"Ersa - Stencil Printer VERSAPRINT 2 ELITE PLUS"},"content":{"rendered":"<p data-start=\"216\" data-end=\"601\">De <strong data-start=\"245\" data-end=\"272\">VERSAPRINT 2 ELITE plus<\/strong> biedt een solide basis voor betrouwbare SMT-productie, met een duidelijke focus op <strong data-start=\"356\" data-end=\"368\">precisie<\/strong>, <strong data-start=\"370\" data-end=\"385\">effici\u00ebntie<\/strong> en <strong data-start=\"389\" data-end=\"416\" data-is-only-node=\"\">gebruiksvriendelijkheid<\/strong>. Dankzij een area-camera met <strong data-start=\"446\" data-end=\"469\">twee aparte modules<\/strong> en verlichtingstechnieken die zowel direct als diffus werken, worden zelfs complexe structuren op de printplaat consistent herkend.<\/p>\n<p data-start=\"603\" data-end=\"1194\">Met een beschikbaar substratformaat van <strong data-start=\"643\" data-end=\"674\">50 \u00d7 50 mm tot 680 \u00d7 500 mm<\/strong> (inspectiegebied circa 550 \u00d7 500 mm) en stencils die vari\u00ebren van 450 \u00d7 450 tot 737 \u00d7 737 mm is de machine geschikt voor uiteenlopende productietypes. De printkoppen bestaan uit twee onafhankelijke squeegee-units met continue drukregeling (0-230 N) die zorgen voor <strong data-start=\"940\" data-end=\"972\">herhaalbare afdrukresultaten<\/strong> met een precisie van \u00b112,5 \u00b5m (6\u03c3) en afdruknauwkeurigheid van \u00b125 \u00b5m (6\u03c3). Verder is een productwissel binnen minder dan 2 minuut mogelijk en is de omstellingstijd onder 10 minuut \u2013 ideaal voor flexibele productielijnen.<\/p>\n<p data-start=\"1196\" data-end=\"1748\">Wat de ELITE plus onderscheidt, is dat hij ontworpen is voor productieomgevingen waar al een extern 100% inspectiesysteem (zoals een SPI) aanwezig is \u2014 waardoor hij een kosteneffici\u00ebnte keuze is zonder standaard volledige inspectie-integratie. Tegelijkertijd biedt hij de mogelijkheid tot optionele uitbreiding met 2D-inspectie en zelfs 3D-retrofit, waarmee het systeem zich eenvoudig laat aanpassen aan toekomstige kwaliteitseisen. Kortom: een slimme investering voor wie betrouwbaarheid, snelheid en proceszekerheid wil, zonder onnodige complexiteit.<\/p>\n","protected":false},"excerpt":{"rendered":"<p>Een stencilprinter voor lijnproductie, die hoge afdruknauwkeurigheid combineert met flexibele inspectiemogelijkheden en eenvoudige bediening.<\/p>\n","protected":false},"featured_media":0,"template":"","meta":{"_acf_changed":false},"pwb-brand":[10773],"product_brand":[],"product_cat":[8609,8628,8699],"product_tag":[12369,12239,12367,12368],"class_list":{"0":"post-20291","1":"product","2":"type-product","3":"status-publish","5":"pwb-brand-brand-ersa","6":"product_cat-elektronica","7":"product_cat-smt-assemblage-apparatuur","8":"product_cat-stencilprinten","9":"product_tag-c82e8223","10":"product_tag-saep","11":"product_tag-saep-c82e8223","12":"product_tag-saepc82e8223","14":"first","15":"instock","16":"taxable","17":"shipping-taxable","18":"product-type-simple"},"acf":[],"yoast_head":"<!-- This site is optimized with the Yoast SEO plugin v27.1.1 - https:\/\/yoast.com\/product\/yoast-seo-wordpress\/ -->\n<title>Stencil Printer VERSAPRINT 2 ELITE PLUS - Smans<\/title>\n<meta name=\"robots\" content=\"index, follow, max-snippet:-1, max-image-preview:large, max-video-preview:-1\" \/>\n<link rel=\"canonical\" href=\"https:\/\/smans.com\/nl\/product\/stencil-printer-versaprint-2-elite-plus\/\" \/>\n<meta property=\"og:locale\" content=\"nl_NL\" \/>\n<meta property=\"og:type\" content=\"article\" \/>\n<meta property=\"og:title\" content=\"Stencil Printer VERSAPRINT 2 ELITE PLUS - Smans\" \/>\n<meta property=\"og:description\" content=\"Een stencilprinter voor lijnproductie, die hoge afdruknauwkeurigheid combineert met flexibele inspectiemogelijkheden en eenvoudige bediening.\" \/>\n<meta property=\"og:url\" content=\"https:\/\/smans.com\/nl\/product\/stencil-printer-versaprint-2-elite-plus\/\" \/>\n<meta property=\"og:site_name\" content=\"Smans\" \/>\n<meta property=\"article:modified_time\" content=\"2026-04-07T08:51:57+00:00\" \/>\n<meta name=\"twitter:card\" content=\"summary_large_image\" \/>\n<meta name=\"twitter:label1\" content=\"Geschatte leestijd\" \/>\n\t<meta name=\"twitter:data1\" content=\"1 minuut\" \/>\n<script type=\"application\/ld+json\" class=\"yoast-schema-graph\">{\"@context\":\"https:\/\/schema.org\",\"@graph\":[{\"@type\":\"WebPage\",\"@id\":\"https:\/\/smans.com\/nl\/product\/stencil-printer-versaprint-2-elite-plus\/\",\"url\":\"https:\/\/smans.com\/nl\/product\/stencil-printer-versaprint-2-elite-plus\/\",\"name\":\"Stencil Printer VERSAPRINT 2 ELITE PLUS - Smans\",\"isPartOf\":{\"@id\":\"https:\/\/smans.com\/nl\/#website\"},\"datePublished\":\"2024-06-09T15:22:36+00:00\",\"dateModified\":\"2026-04-07T08:51:57+00:00\",\"breadcrumb\":{\"@id\":\"https:\/\/smans.com\/nl\/product\/stencil-printer-versaprint-2-elite-plus\/#breadcrumb\"},\"inLanguage\":\"nl-NL\",\"potentialAction\":[{\"@type\":\"ReadAction\",\"target\":[\"https:\/\/smans.com\/nl\/product\/stencil-printer-versaprint-2-elite-plus\/\"]}]},{\"@type\":\"BreadcrumbList\",\"@id\":\"https:\/\/smans.com\/nl\/product\/stencil-printer-versaprint-2-elite-plus\/#breadcrumb\",\"itemListElement\":[{\"@type\":\"ListItem\",\"position\":1,\"name\":\"Home\",\"item\":\"https:\/\/smans.com\/nl\/\"},{\"@type\":\"ListItem\",\"position\":2,\"name\":\"Webshop\",\"item\":\"https:\/\/smans.com\/nl\/webshop\/\"},{\"@type\":\"ListItem\",\"position\":3,\"name\":\"Ersa - Stencil Printer VERSAPRINT 2 ELITE PLUS\"}]},{\"@type\":\"WebSite\",\"@id\":\"https:\/\/smans.com\/nl\/#website\",\"url\":\"https:\/\/smans.com\/nl\/\",\"name\":\"Smans\",\"description\":\"\",\"publisher\":{\"@id\":\"https:\/\/smans.com\/nl\/#organization\"},\"potentialAction\":[{\"@type\":\"SearchAction\",\"target\":{\"@type\":\"EntryPoint\",\"urlTemplate\":\"https:\/\/smans.com\/nl\/?s={search_term_string}\"},\"query-input\":{\"@type\":\"PropertyValueSpecification\",\"valueRequired\":true,\"valueName\":\"search_term_string\"}}],\"inLanguage\":\"nl-NL\"},{\"@type\":\"Organization\",\"@id\":\"https:\/\/smans.com\/nl\/#organization\",\"name\":\"Smans\",\"url\":\"https:\/\/smans.com\/nl\/\",\"logo\":{\"@type\":\"ImageObject\",\"inLanguage\":\"nl-NL\",\"@id\":\"https:\/\/smans.com\/nl\/#\/schema\/logo\/image\/\",\"url\":\"https:\/\/smans.com\/wp-content\/uploads\/2023\/09\/logo.svg\",\"contentUrl\":\"https:\/\/smans.com\/wp-content\/uploads\/2023\/09\/logo.svg\",\"caption\":\"Smans\"},\"image\":{\"@id\":\"https:\/\/smans.com\/nl\/#\/schema\/logo\/image\/\"}}]}<\/script>\n<!-- \/ Yoast SEO plugin. -->","yoast_head_json":{"title":"Stencil Printer VERSAPRINT 2 ELITE PLUS - Smans","robots":{"index":"index","follow":"follow","max-snippet":"max-snippet:-1","max-image-preview":"max-image-preview:large","max-video-preview":"max-video-preview:-1"},"canonical":"https:\/\/smans.com\/nl\/product\/stencil-printer-versaprint-2-elite-plus\/","og_locale":"nl_NL","og_type":"article","og_title":"Stencil Printer VERSAPRINT 2 ELITE PLUS - Smans","og_description":"Een stencilprinter voor lijnproductie, die hoge afdruknauwkeurigheid combineert met flexibele inspectiemogelijkheden en eenvoudige bediening.","og_url":"https:\/\/smans.com\/nl\/product\/stencil-printer-versaprint-2-elite-plus\/","og_site_name":"Smans","article_modified_time":"2026-04-07T08:51:57+00:00","twitter_card":"summary_large_image","twitter_misc":{"Geschatte leestijd":"1 minuut"},"schema":{"@context":"https:\/\/schema.org","@graph":[{"@type":"WebPage","@id":"https:\/\/smans.com\/nl\/product\/stencil-printer-versaprint-2-elite-plus\/","url":"https:\/\/smans.com\/nl\/product\/stencil-printer-versaprint-2-elite-plus\/","name":"Stencil Printer VERSAPRINT 2 ELITE PLUS - Smans","isPartOf":{"@id":"https:\/\/smans.com\/nl\/#website"},"datePublished":"2024-06-09T15:22:36+00:00","dateModified":"2026-04-07T08:51:57+00:00","breadcrumb":{"@id":"https:\/\/smans.com\/nl\/product\/stencil-printer-versaprint-2-elite-plus\/#breadcrumb"},"inLanguage":"nl-NL","potentialAction":[{"@type":"ReadAction","target":["https:\/\/smans.com\/nl\/product\/stencil-printer-versaprint-2-elite-plus\/"]}]},{"@type":"BreadcrumbList","@id":"https:\/\/smans.com\/nl\/product\/stencil-printer-versaprint-2-elite-plus\/#breadcrumb","itemListElement":[{"@type":"ListItem","position":1,"name":"Home","item":"https:\/\/smans.com\/nl\/"},{"@type":"ListItem","position":2,"name":"Webshop","item":"https:\/\/smans.com\/nl\/webshop\/"},{"@type":"ListItem","position":3,"name":"Ersa - Stencil Printer VERSAPRINT 2 ELITE PLUS"}]},{"@type":"WebSite","@id":"https:\/\/smans.com\/nl\/#website","url":"https:\/\/smans.com\/nl\/","name":"Smans","description":"","publisher":{"@id":"https:\/\/smans.com\/nl\/#organization"},"potentialAction":[{"@type":"SearchAction","target":{"@type":"EntryPoint","urlTemplate":"https:\/\/smans.com\/nl\/?s={search_term_string}"},"query-input":{"@type":"PropertyValueSpecification","valueRequired":true,"valueName":"search_term_string"}}],"inLanguage":"nl-NL"},{"@type":"Organization","@id":"https:\/\/smans.com\/nl\/#organization","name":"Smans","url":"https:\/\/smans.com\/nl\/","logo":{"@type":"ImageObject","inLanguage":"nl-NL","@id":"https:\/\/smans.com\/nl\/#\/schema\/logo\/image\/","url":"https:\/\/smans.com\/wp-content\/uploads\/2023\/09\/logo.svg","contentUrl":"https:\/\/smans.com\/wp-content\/uploads\/2023\/09\/logo.svg","caption":"Smans"},"image":{"@id":"https:\/\/smans.com\/nl\/#\/schema\/logo\/image\/"}}]}},"brands":[{"id":10773,"name":"Ersa","slug":"brand-ersa"}],"_links":{"self":[{"href":"https:\/\/smans.com\/nl\/wp-json\/wp\/v2\/product\/20291","targetHints":{"allow":["GET"]}}],"collection":[{"href":"https:\/\/smans.com\/nl\/wp-json\/wp\/v2\/product"}],"about":[{"href":"https:\/\/smans.com\/nl\/wp-json\/wp\/v2\/types\/product"}],"wp:attachment":[{"href":"https:\/\/smans.com\/nl\/wp-json\/wp\/v2\/media?parent=20291"}],"wp:term":[{"taxonomy":"pwb-brand","embeddable":true,"href":"https:\/\/smans.com\/nl\/wp-json\/wp\/v2\/pwb-brand?post=20291"},{"taxonomy":"product_brand","embeddable":true,"href":"https:\/\/smans.com\/nl\/wp-json\/wp\/v2\/product_brand?post=20291"},{"taxonomy":"product_cat","embeddable":true,"href":"https:\/\/smans.com\/nl\/wp-json\/wp\/v2\/product_cat?post=20291"},{"taxonomy":"product_tag","embeddable":true,"href":"https:\/\/smans.com\/nl\/wp-json\/wp\/v2\/product_tag?post=20291"}],"curies":[{"name":"wp","href":"https:\/\/api.w.org\/{rel}","templated":true}]}}