{"id":20339,"date":"2024-06-09T17:24:30","date_gmt":"2024-06-09T15:24:30","guid":{"rendered":"https:\/\/smans.com\/product\/mixing-and-dispensing-system-robo-dos-2\/"},"modified":"2026-04-06T11:19:23","modified_gmt":"2026-04-06T09:19:23","slug":"mixing-and-dispensing-system-robo-dos-2","status":"publish","type":"product","link":"https:\/\/smans.com\/nl\/product\/mixing-and-dispensing-system-robo-dos-2\/","title":{"rendered":"Giebler - Mixing and dispensing system ROBO-DOS"},"content":{"rendered":"<p>De drieassige co\u00f6rdinatentafel ROBO-DOS vormt samen met het meng- en doseersysteem 2-K-DOS T een gerobotiseerde installatie voor het volautomatisch gieten van modules en componenten zoals elektronische bouwgroepen, sensoren, waterdichte naden en coatings. Onderdelen kunnen op \u00e9\u00e9n punt worden gegoten of in een baan. Ze kunnen meerdere keren op een pallet worden gerangschikt en dan automatisch \u00e9\u00e9n voor \u00e9\u00e9n worden gegoten door het apparaat.<\/p>\n<p>De bediening is menugestuurd met een aanraakscherm en beveiligd met een wachtwoord. De ingietsporen van onderdelen kunnen geprogrammeerd en opgeslagen worden. Met extra apparaten kunnen de aandrijving en de hoeveelheid shots worden gecontroleerd.<\/p>\n","protected":false},"excerpt":{"rendered":"<p>De drieassige co\u00f6rdinatentafel ROBO-DOS vormt samen met het meng- en doseersysteem 2-K-DOS T een gerobotiseerde installatie voor het volautomatisch gieten van modules en componenten zoals elektronische bouwgroepen, sensoren, waterdichte naden en coatings.<\/p>\n","protected":false},"featured_media":0,"template":"","meta":{"_acf_changed":false},"pwb-brand":[10780],"product_brand":[],"product_cat":[8608,8613,8644,8609],"product_tag":[12129,12497,12510,12511],"class_list":{"0":"post-20339","1":"product","2":"type-product","3":"status-publish","5":"pwb-brand-brand-giebler","6":"product_cat-kabel-en-draad","7":"product_cat-oppotten-doseren-gieten","8":"product_cat-oppotten","9":"product_cat-elektronica","10":"product_tag-f393acb0","11":"product_tag-mds","12":"product_tag-mds-f393acb0","13":"product_tag-mdsf393acb0","15":"first","16":"instock","17":"taxable","18":"shipping-taxable","19":"product-type-simple"},"acf":[],"yoast_head":"<!-- This site is optimized with the Yoast SEO plugin v27.1.1 - https:\/\/yoast.com\/product\/yoast-seo-wordpress\/ -->\n<title>Mixing and dispensing system ROBO-DOS - Smans<\/title>\n<meta name=\"robots\" content=\"index, follow, max-snippet:-1, max-image-preview:large, max-video-preview:-1\" \/>\n<link rel=\"canonical\" href=\"https:\/\/smans.com\/nl\/product\/mixing-and-dispensing-system-robo-dos-2\/\" \/>\n<meta property=\"og:locale\" content=\"nl_NL\" \/>\n<meta property=\"og:type\" content=\"article\" \/>\n<meta property=\"og:title\" content=\"Mixing and dispensing system ROBO-DOS - Smans\" \/>\n<meta property=\"og:description\" content=\"De drieassige co\u00f6rdinatentafel ROBO-DOS vormt samen met het meng- en doseersysteem 2-K-DOS T een gerobotiseerde installatie voor het volautomatisch gieten van modules en componenten zoals elektronische bouwgroepen, sensoren, waterdichte naden en coatings.\" \/>\n<meta property=\"og:url\" content=\"https:\/\/smans.com\/nl\/product\/mixing-and-dispensing-system-robo-dos-2\/\" \/>\n<meta property=\"og:site_name\" content=\"Smans\" \/>\n<meta property=\"article:modified_time\" content=\"2026-04-06T09:19:23+00:00\" \/>\n<meta name=\"twitter:card\" content=\"summary_large_image\" \/>\n<script type=\"application\/ld+json\" class=\"yoast-schema-graph\">{\"@context\":\"https:\/\/schema.org\",\"@graph\":[{\"@type\":\"WebPage\",\"@id\":\"https:\/\/smans.com\/nl\/product\/mixing-and-dispensing-system-robo-dos-2\/\",\"url\":\"https:\/\/smans.com\/nl\/product\/mixing-and-dispensing-system-robo-dos-2\/\",\"name\":\"Mixing and dispensing system ROBO-DOS - Smans\",\"isPartOf\":{\"@id\":\"https:\/\/smans.com\/nl\/#website\"},\"datePublished\":\"2024-06-09T15:24:30+00:00\",\"dateModified\":\"2026-04-06T09:19:23+00:00\",\"breadcrumb\":{\"@id\":\"https:\/\/smans.com\/nl\/product\/mixing-and-dispensing-system-robo-dos-2\/#breadcrumb\"},\"inLanguage\":\"nl-NL\",\"potentialAction\":[{\"@type\":\"ReadAction\",\"target\":[\"https:\/\/smans.com\/nl\/product\/mixing-and-dispensing-system-robo-dos-2\/\"]}]},{\"@type\":\"BreadcrumbList\",\"@id\":\"https:\/\/smans.com\/nl\/product\/mixing-and-dispensing-system-robo-dos-2\/#breadcrumb\",\"itemListElement\":[{\"@type\":\"ListItem\",\"position\":1,\"name\":\"Home\",\"item\":\"https:\/\/smans.com\/nl\/\"},{\"@type\":\"ListItem\",\"position\":2,\"name\":\"Webshop\",\"item\":\"https:\/\/smans.com\/nl\/webshop\/\"},{\"@type\":\"ListItem\",\"position\":3,\"name\":\"Mixing and dispensing system ROBO-DOS\"}]},{\"@type\":\"WebSite\",\"@id\":\"https:\/\/smans.com\/nl\/#website\",\"url\":\"https:\/\/smans.com\/nl\/\",\"name\":\"Smans\",\"description\":\"\",\"publisher\":{\"@id\":\"https:\/\/smans.com\/nl\/#organization\"},\"potentialAction\":[{\"@type\":\"SearchAction\",\"target\":{\"@type\":\"EntryPoint\",\"urlTemplate\":\"https:\/\/smans.com\/nl\/?s={search_term_string}\"},\"query-input\":{\"@type\":\"PropertyValueSpecification\",\"valueRequired\":true,\"valueName\":\"search_term_string\"}}],\"inLanguage\":\"nl-NL\"},{\"@type\":\"Organization\",\"@id\":\"https:\/\/smans.com\/nl\/#organization\",\"name\":\"Smans\",\"url\":\"https:\/\/smans.com\/nl\/\",\"logo\":{\"@type\":\"ImageObject\",\"inLanguage\":\"nl-NL\",\"@id\":\"https:\/\/smans.com\/nl\/#\/schema\/logo\/image\/\",\"url\":\"https:\/\/smans.com\/wp-content\/uploads\/2023\/09\/logo.svg\",\"contentUrl\":\"https:\/\/smans.com\/wp-content\/uploads\/2023\/09\/logo.svg\",\"caption\":\"Smans\"},\"image\":{\"@id\":\"https:\/\/smans.com\/nl\/#\/schema\/logo\/image\/\"}}]}<\/script>\n<!-- \/ Yoast SEO plugin. -->","yoast_head_json":{"title":"Mixing and dispensing system ROBO-DOS - Smans","robots":{"index":"index","follow":"follow","max-snippet":"max-snippet:-1","max-image-preview":"max-image-preview:large","max-video-preview":"max-video-preview:-1"},"canonical":"https:\/\/smans.com\/nl\/product\/mixing-and-dispensing-system-robo-dos-2\/","og_locale":"nl_NL","og_type":"article","og_title":"Mixing and dispensing system ROBO-DOS - Smans","og_description":"De drieassige co\u00f6rdinatentafel ROBO-DOS vormt samen met het meng- en doseersysteem 2-K-DOS T een gerobotiseerde installatie voor het volautomatisch gieten van modules en componenten zoals elektronische bouwgroepen, sensoren, waterdichte naden en coatings.","og_url":"https:\/\/smans.com\/nl\/product\/mixing-and-dispensing-system-robo-dos-2\/","og_site_name":"Smans","article_modified_time":"2026-04-06T09:19:23+00:00","twitter_card":"summary_large_image","schema":{"@context":"https:\/\/schema.org","@graph":[{"@type":"WebPage","@id":"https:\/\/smans.com\/nl\/product\/mixing-and-dispensing-system-robo-dos-2\/","url":"https:\/\/smans.com\/nl\/product\/mixing-and-dispensing-system-robo-dos-2\/","name":"Mixing and dispensing system ROBO-DOS - Smans","isPartOf":{"@id":"https:\/\/smans.com\/nl\/#website"},"datePublished":"2024-06-09T15:24:30+00:00","dateModified":"2026-04-06T09:19:23+00:00","breadcrumb":{"@id":"https:\/\/smans.com\/nl\/product\/mixing-and-dispensing-system-robo-dos-2\/#breadcrumb"},"inLanguage":"nl-NL","potentialAction":[{"@type":"ReadAction","target":["https:\/\/smans.com\/nl\/product\/mixing-and-dispensing-system-robo-dos-2\/"]}]},{"@type":"BreadcrumbList","@id":"https:\/\/smans.com\/nl\/product\/mixing-and-dispensing-system-robo-dos-2\/#breadcrumb","itemListElement":[{"@type":"ListItem","position":1,"name":"Home","item":"https:\/\/smans.com\/nl\/"},{"@type":"ListItem","position":2,"name":"Webshop","item":"https:\/\/smans.com\/nl\/webshop\/"},{"@type":"ListItem","position":3,"name":"Mixing and dispensing system ROBO-DOS"}]},{"@type":"WebSite","@id":"https:\/\/smans.com\/nl\/#website","url":"https:\/\/smans.com\/nl\/","name":"Smans","description":"","publisher":{"@id":"https:\/\/smans.com\/nl\/#organization"},"potentialAction":[{"@type":"SearchAction","target":{"@type":"EntryPoint","urlTemplate":"https:\/\/smans.com\/nl\/?s={search_term_string}"},"query-input":{"@type":"PropertyValueSpecification","valueRequired":true,"valueName":"search_term_string"}}],"inLanguage":"nl-NL"},{"@type":"Organization","@id":"https:\/\/smans.com\/nl\/#organization","name":"Smans","url":"https:\/\/smans.com\/nl\/","logo":{"@type":"ImageObject","inLanguage":"nl-NL","@id":"https:\/\/smans.com\/nl\/#\/schema\/logo\/image\/","url":"https:\/\/smans.com\/wp-content\/uploads\/2023\/09\/logo.svg","contentUrl":"https:\/\/smans.com\/wp-content\/uploads\/2023\/09\/logo.svg","caption":"Smans"},"image":{"@id":"https:\/\/smans.com\/nl\/#\/schema\/logo\/image\/"}}]}},"brands":[{"id":10780,"name":"Giebler","slug":"brand-giebler"}],"_links":{"self":[{"href":"https:\/\/smans.com\/nl\/wp-json\/wp\/v2\/product\/20339","targetHints":{"allow":["GET"]}}],"collection":[{"href":"https:\/\/smans.com\/nl\/wp-json\/wp\/v2\/product"}],"about":[{"href":"https:\/\/smans.com\/nl\/wp-json\/wp\/v2\/types\/product"}],"wp:attachment":[{"href":"https:\/\/smans.com\/nl\/wp-json\/wp\/v2\/media?parent=20339"}],"wp:term":[{"taxonomy":"pwb-brand","embeddable":true,"href":"https:\/\/smans.com\/nl\/wp-json\/wp\/v2\/pwb-brand?post=20339"},{"taxonomy":"product_brand","embeddable":true,"href":"https:\/\/smans.com\/nl\/wp-json\/wp\/v2\/product_brand?post=20339"},{"taxonomy":"product_cat","embeddable":true,"href":"https:\/\/smans.com\/nl\/wp-json\/wp\/v2\/product_cat?post=20339"},{"taxonomy":"product_tag","embeddable":true,"href":"https:\/\/smans.com\/nl\/wp-json\/wp\/v2\/product_tag?post=20339"}],"curies":[{"name":"wp","href":"https:\/\/api.w.org\/{rel}","templated":true}]}}