{"id":31450,"date":"2024-11-15T02:31:41","date_gmt":"2024-11-15T01:31:41","guid":{"rendered":"https:\/\/smans.com\/product\/destacker-with-touch-screen\/"},"modified":"2026-04-04T11:16:43","modified_gmt":"2026-04-04T09:16:43","slug":"destacker-2-3","status":"publish","type":"product","link":"https:\/\/smans.com\/nl\/product\/destacker-2-3\/","title":{"rendered":"E-Flex - Destacker"},"content":{"rendered":"<p>Onze ontstapelaars (destackers) zijn ontworpen om individuele kale printplaten van een stapel te halen (tot max. 400 stuks) en ze in de productielijn te voeren via een transportband.<\/p>\n<p>Deze machine is geschikt voor printplaten met een dikte van 0,6 mm tot 2,5 mm en beschikt over automatische detectie van de stapelhoogte.<\/p>\n<p>Een doorvoerfunctie (pass through) maakt het mogelijk om andere apparatuur, zoals een magazijnlader (loader), aan de ingang te installeren voor dubbelzijdige assemblage van printplaten.<\/p>\n<p>Verschillende opties mogelijk. Contacteer ons.<\/p>\n","protected":false},"excerpt":{"rendered":"<p>Destacker-systeem dat blanco printplaten \u00e9\u00e9n voor \u00e9\u00e9n in de SMT-lijn laadt<\/p>\n","protected":false},"featured_media":0,"template":"","meta":{"_acf_changed":false},"pwb-brand":[10771],"product_brand":[],"product_cat":[8609,8621,8670],"product_tag":[],"class_list":{"0":"post-31450","1":"product","2":"type-product","3":"status-publish","5":"pwb-brand-brand-e-flex","6":"product_cat-elektronica","7":"product_cat-boardhandling","8":"product_cat-loaders","10":"first","11":"instock","12":"taxable","13":"shipping-taxable","14":"purchasable","15":"product-type-simple"},"acf":[],"yoast_head":"<!-- This site is optimized with the Yoast SEO plugin v27.1.1 - https:\/\/yoast.com\/product\/yoast-seo-wordpress\/ -->\n<title>Destacker - Smans<\/title>\n<meta name=\"robots\" content=\"index, follow, max-snippet:-1, max-image-preview:large, max-video-preview:-1\" \/>\n<link rel=\"canonical\" href=\"https:\/\/smans.com\/nl\/product\/destacker-2-3\/\" \/>\n<meta property=\"og:locale\" content=\"nl_NL\" \/>\n<meta property=\"og:type\" content=\"article\" \/>\n<meta property=\"og:title\" content=\"Destacker - Smans\" \/>\n<meta property=\"og:description\" content=\"Destacker-systeem dat blanco printplaten \u00e9\u00e9n voor \u00e9\u00e9n in de SMT-lijn laadt\" \/>\n<meta property=\"og:url\" content=\"https:\/\/smans.com\/nl\/product\/destacker-2-3\/\" \/>\n<meta property=\"og:site_name\" content=\"Smans\" \/>\n<meta property=\"article:modified_time\" content=\"2026-04-04T09:16:43+00:00\" \/>\n<meta name=\"twitter:card\" content=\"summary_large_image\" \/>\n<script type=\"application\/ld+json\" class=\"yoast-schema-graph\">{\"@context\":\"https:\/\/schema.org\",\"@graph\":[{\"@type\":\"WebPage\",\"@id\":\"https:\/\/smans.com\/nl\/product\/destacker-2-3\/\",\"url\":\"https:\/\/smans.com\/nl\/product\/destacker-2-3\/\",\"name\":\"Destacker - Smans\",\"isPartOf\":{\"@id\":\"https:\/\/smans.com\/nl\/#website\"},\"datePublished\":\"2024-11-15T01:31:41+00:00\",\"dateModified\":\"2026-04-04T09:16:43+00:00\",\"breadcrumb\":{\"@id\":\"https:\/\/smans.com\/nl\/product\/destacker-2-3\/#breadcrumb\"},\"inLanguage\":\"nl-NL\",\"potentialAction\":[{\"@type\":\"ReadAction\",\"target\":[\"https:\/\/smans.com\/nl\/product\/destacker-2-3\/\"]}]},{\"@type\":\"BreadcrumbList\",\"@id\":\"https:\/\/smans.com\/nl\/product\/destacker-2-3\/#breadcrumb\",\"itemListElement\":[{\"@type\":\"ListItem\",\"position\":1,\"name\":\"Home\",\"item\":\"https:\/\/smans.com\/nl\/\"},{\"@type\":\"ListItem\",\"position\":2,\"name\":\"Webshop\",\"item\":\"https:\/\/smans.com\/nl\/webshop\/\"},{\"@type\":\"ListItem\",\"position\":3,\"name\":\"E-Flex - Destacker\"}]},{\"@type\":\"WebSite\",\"@id\":\"https:\/\/smans.com\/nl\/#website\",\"url\":\"https:\/\/smans.com\/nl\/\",\"name\":\"Smans\",\"description\":\"\",\"publisher\":{\"@id\":\"https:\/\/smans.com\/nl\/#organization\"},\"potentialAction\":[{\"@type\":\"SearchAction\",\"target\":{\"@type\":\"EntryPoint\",\"urlTemplate\":\"https:\/\/smans.com\/nl\/?s={search_term_string}\"},\"query-input\":{\"@type\":\"PropertyValueSpecification\",\"valueRequired\":true,\"valueName\":\"search_term_string\"}}],\"inLanguage\":\"nl-NL\"},{\"@type\":\"Organization\",\"@id\":\"https:\/\/smans.com\/nl\/#organization\",\"name\":\"Smans\",\"url\":\"https:\/\/smans.com\/nl\/\",\"logo\":{\"@type\":\"ImageObject\",\"inLanguage\":\"nl-NL\",\"@id\":\"https:\/\/smans.com\/nl\/#\/schema\/logo\/image\/\",\"url\":\"https:\/\/smans.com\/wp-content\/uploads\/2023\/09\/logo.svg\",\"contentUrl\":\"https:\/\/smans.com\/wp-content\/uploads\/2023\/09\/logo.svg\",\"caption\":\"Smans\"},\"image\":{\"@id\":\"https:\/\/smans.com\/nl\/#\/schema\/logo\/image\/\"}}]}<\/script>\n<!-- \/ Yoast SEO plugin. -->","yoast_head_json":{"title":"Destacker - Smans","robots":{"index":"index","follow":"follow","max-snippet":"max-snippet:-1","max-image-preview":"max-image-preview:large","max-video-preview":"max-video-preview:-1"},"canonical":"https:\/\/smans.com\/nl\/product\/destacker-2-3\/","og_locale":"nl_NL","og_type":"article","og_title":"Destacker - Smans","og_description":"Destacker-systeem dat blanco printplaten \u00e9\u00e9n voor \u00e9\u00e9n in de SMT-lijn laadt","og_url":"https:\/\/smans.com\/nl\/product\/destacker-2-3\/","og_site_name":"Smans","article_modified_time":"2026-04-04T09:16:43+00:00","twitter_card":"summary_large_image","schema":{"@context":"https:\/\/schema.org","@graph":[{"@type":"WebPage","@id":"https:\/\/smans.com\/nl\/product\/destacker-2-3\/","url":"https:\/\/smans.com\/nl\/product\/destacker-2-3\/","name":"Destacker - Smans","isPartOf":{"@id":"https:\/\/smans.com\/nl\/#website"},"datePublished":"2024-11-15T01:31:41+00:00","dateModified":"2026-04-04T09:16:43+00:00","breadcrumb":{"@id":"https:\/\/smans.com\/nl\/product\/destacker-2-3\/#breadcrumb"},"inLanguage":"nl-NL","potentialAction":[{"@type":"ReadAction","target":["https:\/\/smans.com\/nl\/product\/destacker-2-3\/"]}]},{"@type":"BreadcrumbList","@id":"https:\/\/smans.com\/nl\/product\/destacker-2-3\/#breadcrumb","itemListElement":[{"@type":"ListItem","position":1,"name":"Home","item":"https:\/\/smans.com\/nl\/"},{"@type":"ListItem","position":2,"name":"Webshop","item":"https:\/\/smans.com\/nl\/webshop\/"},{"@type":"ListItem","position":3,"name":"E-Flex - Destacker"}]},{"@type":"WebSite","@id":"https:\/\/smans.com\/nl\/#website","url":"https:\/\/smans.com\/nl\/","name":"Smans","description":"","publisher":{"@id":"https:\/\/smans.com\/nl\/#organization"},"potentialAction":[{"@type":"SearchAction","target":{"@type":"EntryPoint","urlTemplate":"https:\/\/smans.com\/nl\/?s={search_term_string}"},"query-input":{"@type":"PropertyValueSpecification","valueRequired":true,"valueName":"search_term_string"}}],"inLanguage":"nl-NL"},{"@type":"Organization","@id":"https:\/\/smans.com\/nl\/#organization","name":"Smans","url":"https:\/\/smans.com\/nl\/","logo":{"@type":"ImageObject","inLanguage":"nl-NL","@id":"https:\/\/smans.com\/nl\/#\/schema\/logo\/image\/","url":"https:\/\/smans.com\/wp-content\/uploads\/2023\/09\/logo.svg","contentUrl":"https:\/\/smans.com\/wp-content\/uploads\/2023\/09\/logo.svg","caption":"Smans"},"image":{"@id":"https:\/\/smans.com\/nl\/#\/schema\/logo\/image\/"}}]}},"brands":[{"id":10771,"name":"E-Flex","slug":"brand-e-flex"}],"_links":{"self":[{"href":"https:\/\/smans.com\/nl\/wp-json\/wp\/v2\/product\/31450","targetHints":{"allow":["GET"]}}],"collection":[{"href":"https:\/\/smans.com\/nl\/wp-json\/wp\/v2\/product"}],"about":[{"href":"https:\/\/smans.com\/nl\/wp-json\/wp\/v2\/types\/product"}],"wp:attachment":[{"href":"https:\/\/smans.com\/nl\/wp-json\/wp\/v2\/media?parent=31450"}],"wp:term":[{"taxonomy":"pwb-brand","embeddable":true,"href":"https:\/\/smans.com\/nl\/wp-json\/wp\/v2\/pwb-brand?post=31450"},{"taxonomy":"product_brand","embeddable":true,"href":"https:\/\/smans.com\/nl\/wp-json\/wp\/v2\/product_brand?post=31450"},{"taxonomy":"product_cat","embeddable":true,"href":"https:\/\/smans.com\/nl\/wp-json\/wp\/v2\/product_cat?post=31450"},{"taxonomy":"product_tag","embeddable":true,"href":"https:\/\/smans.com\/nl\/wp-json\/wp\/v2\/product_tag?post=31450"}],"curies":[{"name":"wp","href":"https:\/\/api.w.org\/{rel}","templated":true}]}}