{"id":54634,"date":"2025-12-18T03:54:45","date_gmt":"2025-12-18T02:54:45","guid":{"rendered":"https:\/\/smans.com\/product\/wire-assembly-machine-zeta-630-2\/"},"modified":"2026-04-16T10:38:12","modified_gmt":"2026-04-16T08:38:12","slug":"wire-assembly-machine-zeta-630-2","status":"publish","type":"product","link":"https:\/\/smans.com\/nl\/product\/wire-assembly-machine-zeta-630-2\/","title":{"rendered":"Komax - Wire Assembly Machine Zeta 630"},"content":{"rendered":"<p>De grote variabiliteit in de constructie van schakelkasten vereist veel materialen, zoals verschillende soorten draden, klemmen of adereindhulzen. De Zeta 630 maakt just-in-time-verwerking mogelijk in batch- of sequentieproductie van verschillende draden voor de bouw van schakelkasten zonder ombouw \u2013 dankzij de automatische draadwisselaar met 36 posities, de CM 1\/5 GS-module voor vijf verschillende adereindhulzen en de CM Duo voor 4 mm\u00b2 \/ 6 mm\u00b2 hulzen.<\/p>\n<p>Met de drie speciale mesparen kunnen doorsneden van 0,22 tot 6 mm\u00b2 perfect in sequentie worden verwerkt. De verwerkingsparameters worden via TopConvert omgezet en door de Komax WPCS-interface automatisch rechtstreeks naar de machine gestuurd, zonder dat er handmatig geprogrammeerd hoeft te worden.<\/p>\n<h4>Kenmerken<\/h4>\n<ul>\n<li><strong>36 draadvarianten beschikbaar in de draadwisselaar: <\/strong>Geautomatiseerde processen verminderen de productietijd met tot wel 50 procent. De automatische draadwisselaar biedt tot 36 verschillende draden zonder om te schakelen.<\/li>\n<li><strong>Nauwkeurige verwerking met hoogwaardige snij-eenheid: <\/strong>De snij-eenheid met drie mesparen verwerkt doorsneden van 0,5 tot 6 mm\u00b2 perfect achter elkaar. Hoogwaardige, duurzame messen maken hoge verwerkingssnelheden mogelijk.<\/li>\n<li><strong>Batch- of sequentieproductie zonder om te schakelen mogelijk: <\/strong>De ge\u00efntegreerde bundelaar sorteert de batches en fixeert de juiste draden met plakband in \u00e9\u00e9n enkele processtap. Zelfs complexe taken kunnen zonder veel moeite worden uitgevoerd.<\/li>\n<li><strong>Verwerking van maximaal 5 verschillende adereindhulzen: <\/strong>De CM 1\/5 GS-module verwerkt maximaal vijf verschillende adereindhulzen. Betrouwbare, volledig automatische productie zorgt voor een constant hoge kwaliteit.<\/li>\n<li><strong>Automatisch markeersysteem met twee inkjetmarkeerstiften: <\/strong>Het automatische markeersysteem voor twee verschillende inkjetmarkeerstiften labelt de draden optimaal v\u00f3\u00f3r voltooiing voor eenvoudige logistiek en verdere verwerking.<\/li>\n<\/ul>\n","protected":false},"excerpt":{"rendered":"<p>De Zeta 630 verhoogt de productiviteit bij de bouw van schakelkasten met twee procesmodules vanaf batchgrootte 1 en met maximaal 36 verschillende draden in de draadwisselaar.<\/p>\n","protected":false},"featured_media":0,"template":"","meta":{"_acf_changed":false},"pwb-brand":[10787],"product_brand":[],"product_cat":[8608,8616],"product_tag":[],"class_list":{"0":"post-54634","1":"product","2":"type-product","3":"status-publish","5":"pwb-brand-brand-komax","6":"product_cat-kabel-en-draad","7":"product_cat-paneelbouw","9":"first","10":"instock","11":"taxable","12":"shipping-taxable","13":"product-type-simple"},"acf":[],"yoast_head":"<!-- This site is optimized with the Yoast SEO plugin v27.1.1 - https:\/\/yoast.com\/product\/yoast-seo-wordpress\/ -->\n<title>Wire Assembly Machine Zeta 630 - Smans<\/title>\n<meta name=\"robots\" content=\"index, follow, max-snippet:-1, max-image-preview:large, max-video-preview:-1\" \/>\n<link rel=\"canonical\" href=\"https:\/\/smans.com\/nl\/product\/wire-assembly-machine-zeta-630-2\/\" \/>\n<meta property=\"og:locale\" content=\"nl_NL\" \/>\n<meta property=\"og:type\" content=\"article\" \/>\n<meta property=\"og:title\" content=\"Wire Assembly Machine Zeta 630 - Smans\" \/>\n<meta property=\"og:description\" content=\"De Zeta 630 verhoogt de productiviteit bij de bouw van schakelkasten met twee procesmodules vanaf batchgrootte 1 en met maximaal 36 verschillende draden in de draadwisselaar.\" \/>\n<meta property=\"og:url\" content=\"https:\/\/smans.com\/nl\/product\/wire-assembly-machine-zeta-630-2\/\" \/>\n<meta property=\"og:site_name\" content=\"Smans\" \/>\n<meta property=\"article:modified_time\" content=\"2026-04-16T08:38:12+00:00\" \/>\n<meta name=\"twitter:card\" content=\"summary_large_image\" \/>\n<meta name=\"twitter:label1\" content=\"Geschatte leestijd\" \/>\n\t<meta name=\"twitter:data1\" content=\"1 minuut\" \/>\n<script type=\"application\/ld+json\" class=\"yoast-schema-graph\">{\"@context\":\"https:\/\/schema.org\",\"@graph\":[{\"@type\":\"WebPage\",\"@id\":\"https:\/\/smans.com\/nl\/product\/wire-assembly-machine-zeta-630-2\/\",\"url\":\"https:\/\/smans.com\/nl\/product\/wire-assembly-machine-zeta-630-2\/\",\"name\":\"Wire Assembly Machine Zeta 630 - Smans\",\"isPartOf\":{\"@id\":\"https:\/\/smans.com\/nl\/#website\"},\"datePublished\":\"2025-12-18T02:54:45+00:00\",\"dateModified\":\"2026-04-16T08:38:12+00:00\",\"breadcrumb\":{\"@id\":\"https:\/\/smans.com\/nl\/product\/wire-assembly-machine-zeta-630-2\/#breadcrumb\"},\"inLanguage\":\"nl-NL\",\"potentialAction\":[{\"@type\":\"ReadAction\",\"target\":[\"https:\/\/smans.com\/nl\/product\/wire-assembly-machine-zeta-630-2\/\"]}]},{\"@type\":\"BreadcrumbList\",\"@id\":\"https:\/\/smans.com\/nl\/product\/wire-assembly-machine-zeta-630-2\/#breadcrumb\",\"itemListElement\":[{\"@type\":\"ListItem\",\"position\":1,\"name\":\"Home\",\"item\":\"https:\/\/smans.com\/nl\/\"},{\"@type\":\"ListItem\",\"position\":2,\"name\":\"Webshop\",\"item\":\"https:\/\/smans.com\/nl\/webshop\/\"},{\"@type\":\"ListItem\",\"position\":3,\"name\":\"Komax - Wire Assembly Machine Zeta 630\"}]},{\"@type\":\"WebSite\",\"@id\":\"https:\/\/smans.com\/nl\/#website\",\"url\":\"https:\/\/smans.com\/nl\/\",\"name\":\"Smans\",\"description\":\"\",\"publisher\":{\"@id\":\"https:\/\/smans.com\/nl\/#organization\"},\"potentialAction\":[{\"@type\":\"SearchAction\",\"target\":{\"@type\":\"EntryPoint\",\"urlTemplate\":\"https:\/\/smans.com\/nl\/?s={search_term_string}\"},\"query-input\":{\"@type\":\"PropertyValueSpecification\",\"valueRequired\":true,\"valueName\":\"search_term_string\"}}],\"inLanguage\":\"nl-NL\"},{\"@type\":\"Organization\",\"@id\":\"https:\/\/smans.com\/nl\/#organization\",\"name\":\"Smans\",\"url\":\"https:\/\/smans.com\/nl\/\",\"logo\":{\"@type\":\"ImageObject\",\"inLanguage\":\"nl-NL\",\"@id\":\"https:\/\/smans.com\/nl\/#\/schema\/logo\/image\/\",\"url\":\"https:\/\/smans.com\/wp-content\/uploads\/2023\/09\/logo.svg\",\"contentUrl\":\"https:\/\/smans.com\/wp-content\/uploads\/2023\/09\/logo.svg\",\"caption\":\"Smans\"},\"image\":{\"@id\":\"https:\/\/smans.com\/nl\/#\/schema\/logo\/image\/\"}}]}<\/script>\n<!-- \/ Yoast SEO plugin. -->","yoast_head_json":{"title":"Wire Assembly Machine Zeta 630 - Smans","robots":{"index":"index","follow":"follow","max-snippet":"max-snippet:-1","max-image-preview":"max-image-preview:large","max-video-preview":"max-video-preview:-1"},"canonical":"https:\/\/smans.com\/nl\/product\/wire-assembly-machine-zeta-630-2\/","og_locale":"nl_NL","og_type":"article","og_title":"Wire Assembly Machine Zeta 630 - Smans","og_description":"De Zeta 630 verhoogt de productiviteit bij de bouw van schakelkasten met twee procesmodules vanaf batchgrootte 1 en met maximaal 36 verschillende draden in de draadwisselaar.","og_url":"https:\/\/smans.com\/nl\/product\/wire-assembly-machine-zeta-630-2\/","og_site_name":"Smans","article_modified_time":"2026-04-16T08:38:12+00:00","twitter_card":"summary_large_image","twitter_misc":{"Geschatte leestijd":"1 minuut"},"schema":{"@context":"https:\/\/schema.org","@graph":[{"@type":"WebPage","@id":"https:\/\/smans.com\/nl\/product\/wire-assembly-machine-zeta-630-2\/","url":"https:\/\/smans.com\/nl\/product\/wire-assembly-machine-zeta-630-2\/","name":"Wire Assembly Machine Zeta 630 - Smans","isPartOf":{"@id":"https:\/\/smans.com\/nl\/#website"},"datePublished":"2025-12-18T02:54:45+00:00","dateModified":"2026-04-16T08:38:12+00:00","breadcrumb":{"@id":"https:\/\/smans.com\/nl\/product\/wire-assembly-machine-zeta-630-2\/#breadcrumb"},"inLanguage":"nl-NL","potentialAction":[{"@type":"ReadAction","target":["https:\/\/smans.com\/nl\/product\/wire-assembly-machine-zeta-630-2\/"]}]},{"@type":"BreadcrumbList","@id":"https:\/\/smans.com\/nl\/product\/wire-assembly-machine-zeta-630-2\/#breadcrumb","itemListElement":[{"@type":"ListItem","position":1,"name":"Home","item":"https:\/\/smans.com\/nl\/"},{"@type":"ListItem","position":2,"name":"Webshop","item":"https:\/\/smans.com\/nl\/webshop\/"},{"@type":"ListItem","position":3,"name":"Komax - Wire Assembly Machine Zeta 630"}]},{"@type":"WebSite","@id":"https:\/\/smans.com\/nl\/#website","url":"https:\/\/smans.com\/nl\/","name":"Smans","description":"","publisher":{"@id":"https:\/\/smans.com\/nl\/#organization"},"potentialAction":[{"@type":"SearchAction","target":{"@type":"EntryPoint","urlTemplate":"https:\/\/smans.com\/nl\/?s={search_term_string}"},"query-input":{"@type":"PropertyValueSpecification","valueRequired":true,"valueName":"search_term_string"}}],"inLanguage":"nl-NL"},{"@type":"Organization","@id":"https:\/\/smans.com\/nl\/#organization","name":"Smans","url":"https:\/\/smans.com\/nl\/","logo":{"@type":"ImageObject","inLanguage":"nl-NL","@id":"https:\/\/smans.com\/nl\/#\/schema\/logo\/image\/","url":"https:\/\/smans.com\/wp-content\/uploads\/2023\/09\/logo.svg","contentUrl":"https:\/\/smans.com\/wp-content\/uploads\/2023\/09\/logo.svg","caption":"Smans"},"image":{"@id":"https:\/\/smans.com\/nl\/#\/schema\/logo\/image\/"}}]}},"brands":[{"id":10787,"name":"Komax","slug":"brand-komax"}],"_links":{"self":[{"href":"https:\/\/smans.com\/nl\/wp-json\/wp\/v2\/product\/54634","targetHints":{"allow":["GET"]}}],"collection":[{"href":"https:\/\/smans.com\/nl\/wp-json\/wp\/v2\/product"}],"about":[{"href":"https:\/\/smans.com\/nl\/wp-json\/wp\/v2\/types\/product"}],"wp:attachment":[{"href":"https:\/\/smans.com\/nl\/wp-json\/wp\/v2\/media?parent=54634"}],"wp:term":[{"taxonomy":"pwb-brand","embeddable":true,"href":"https:\/\/smans.com\/nl\/wp-json\/wp\/v2\/pwb-brand?post=54634"},{"taxonomy":"product_brand","embeddable":true,"href":"https:\/\/smans.com\/nl\/wp-json\/wp\/v2\/product_brand?post=54634"},{"taxonomy":"product_cat","embeddable":true,"href":"https:\/\/smans.com\/nl\/wp-json\/wp\/v2\/product_cat?post=54634"},{"taxonomy":"product_tag","embeddable":true,"href":"https:\/\/smans.com\/nl\/wp-json\/wp\/v2\/product_tag?post=54634"}],"curies":[{"name":"wp","href":"https:\/\/api.w.org\/{rel}","templated":true}]}}