{"id":54699,"date":"2025-12-24T02:16:31","date_gmt":"2025-12-24T01:16:31","guid":{"rendered":"https:\/\/smans.com\/product\/universele-soldeerframes\/"},"modified":"2026-04-05T10:47:54","modified_gmt":"2026-04-05T08:47:54","slug":"universele-soldeerframes","status":"publish","type":"product","link":"https:\/\/smans.com\/nl\/product\/universele-soldeerframes\/","title":{"rendered":"R\u00f6snick - Universele Soldeerframes"},"content":{"rendered":"<p>Ze zijn perfect afgestemd op uw specifieke golf- of selectieve soldeersysteem en bieden dankzij hun modulaire ontwerp veelzijdige toepassingsmogelijkheden. Diverse stangen, vingers en steunelementen zorgen voor een betrouwbare ondersteuning van de assemblage tijdens het hele proces. Bovendien kunnen meerdere nesten in \u00e9\u00e9n soldeerframe worden ge\u00efntegreerd om de doorvoer aanzienlijk te verhogen.<\/p>\n<p>Onze soldeerframes kunnen worden uitgebreid met universele afdeksystemen die zowel veerbelaste klemmen als steunelementen flexibel kunnen opnemen.<\/p>\n","protected":false},"excerpt":{"rendered":"<p>Speciaal ontworpen voor productie met een grote diversiteit\/kleine volumes en de fabricage van prototypes.<\/p>\n","protected":false},"featured_media":0,"template":"","meta":{"_acf_changed":false},"pwb-brand":[18399],"product_brand":[],"product_cat":[8609,8630,18408],"product_tag":[],"class_list":{"0":"post-54699","1":"product","2":"type-product","3":"status-publish","5":"pwb-brand-brand-rosnick","6":"product_cat-elektronica","7":"product_cat-tht-assemblage-apparatuur","8":"product_cat-universele-soldeerframes","10":"first","11":"instock","12":"taxable","13":"shipping-taxable","14":"product-type-simple"},"acf":[],"yoast_head":"<!-- This site is optimized with the Yoast SEO plugin v27.1.1 - https:\/\/yoast.com\/product\/yoast-seo-wordpress\/ -->\n<title>Universele Soldeerframes - Smans<\/title>\n<meta name=\"robots\" content=\"index, follow, max-snippet:-1, max-image-preview:large, max-video-preview:-1\" \/>\n<link rel=\"canonical\" href=\"https:\/\/smans.com\/nl\/product\/universele-soldeerframes\/\" \/>\n<meta property=\"og:locale\" content=\"nl_NL\" \/>\n<meta property=\"og:type\" content=\"article\" \/>\n<meta property=\"og:title\" content=\"Universele Soldeerframes - Smans\" \/>\n<meta property=\"og:description\" content=\"Speciaal ontworpen voor productie met een grote diversiteit\/kleine volumes en de fabricage van prototypes.\" \/>\n<meta property=\"og:url\" content=\"https:\/\/smans.com\/nl\/product\/universele-soldeerframes\/\" \/>\n<meta property=\"og:site_name\" content=\"Smans\" \/>\n<meta property=\"article:modified_time\" content=\"2026-04-05T08:47:54+00:00\" \/>\n<meta name=\"twitter:card\" content=\"summary_large_image\" \/>\n<script type=\"application\/ld+json\" class=\"yoast-schema-graph\">{\"@context\":\"https:\/\/schema.org\",\"@graph\":[{\"@type\":\"WebPage\",\"@id\":\"https:\/\/smans.com\/nl\/product\/universele-soldeerframes\/\",\"url\":\"https:\/\/smans.com\/nl\/product\/universele-soldeerframes\/\",\"name\":\"Universele Soldeerframes - Smans\",\"isPartOf\":{\"@id\":\"https:\/\/smans.com\/nl\/#website\"},\"datePublished\":\"2025-12-24T01:16:31+00:00\",\"dateModified\":\"2026-04-05T08:47:54+00:00\",\"breadcrumb\":{\"@id\":\"https:\/\/smans.com\/nl\/product\/universele-soldeerframes\/#breadcrumb\"},\"inLanguage\":\"nl-NL\",\"potentialAction\":[{\"@type\":\"ReadAction\",\"target\":[\"https:\/\/smans.com\/nl\/product\/universele-soldeerframes\/\"]}]},{\"@type\":\"BreadcrumbList\",\"@id\":\"https:\/\/smans.com\/nl\/product\/universele-soldeerframes\/#breadcrumb\",\"itemListElement\":[{\"@type\":\"ListItem\",\"position\":1,\"name\":\"Home\",\"item\":\"https:\/\/smans.com\/nl\/\"},{\"@type\":\"ListItem\",\"position\":2,\"name\":\"Webshop\",\"item\":\"https:\/\/smans.com\/nl\/webshop\/\"},{\"@type\":\"ListItem\",\"position\":3,\"name\":\"Universele Soldeerframes\"}]},{\"@type\":\"WebSite\",\"@id\":\"https:\/\/smans.com\/nl\/#website\",\"url\":\"https:\/\/smans.com\/nl\/\",\"name\":\"Smans\",\"description\":\"\",\"publisher\":{\"@id\":\"https:\/\/smans.com\/nl\/#organization\"},\"potentialAction\":[{\"@type\":\"SearchAction\",\"target\":{\"@type\":\"EntryPoint\",\"urlTemplate\":\"https:\/\/smans.com\/nl\/?s={search_term_string}\"},\"query-input\":{\"@type\":\"PropertyValueSpecification\",\"valueRequired\":true,\"valueName\":\"search_term_string\"}}],\"inLanguage\":\"nl-NL\"},{\"@type\":\"Organization\",\"@id\":\"https:\/\/smans.com\/nl\/#organization\",\"name\":\"Smans\",\"url\":\"https:\/\/smans.com\/nl\/\",\"logo\":{\"@type\":\"ImageObject\",\"inLanguage\":\"nl-NL\",\"@id\":\"https:\/\/smans.com\/nl\/#\/schema\/logo\/image\/\",\"url\":\"https:\/\/smans.com\/wp-content\/uploads\/2023\/09\/logo.svg\",\"contentUrl\":\"https:\/\/smans.com\/wp-content\/uploads\/2023\/09\/logo.svg\",\"caption\":\"Smans\"},\"image\":{\"@id\":\"https:\/\/smans.com\/nl\/#\/schema\/logo\/image\/\"}}]}<\/script>\n<!-- \/ Yoast SEO plugin. -->","yoast_head_json":{"title":"Universele Soldeerframes - Smans","robots":{"index":"index","follow":"follow","max-snippet":"max-snippet:-1","max-image-preview":"max-image-preview:large","max-video-preview":"max-video-preview:-1"},"canonical":"https:\/\/smans.com\/nl\/product\/universele-soldeerframes\/","og_locale":"nl_NL","og_type":"article","og_title":"Universele Soldeerframes - Smans","og_description":"Speciaal ontworpen voor productie met een grote diversiteit\/kleine volumes en de fabricage van prototypes.","og_url":"https:\/\/smans.com\/nl\/product\/universele-soldeerframes\/","og_site_name":"Smans","article_modified_time":"2026-04-05T08:47:54+00:00","twitter_card":"summary_large_image","schema":{"@context":"https:\/\/schema.org","@graph":[{"@type":"WebPage","@id":"https:\/\/smans.com\/nl\/product\/universele-soldeerframes\/","url":"https:\/\/smans.com\/nl\/product\/universele-soldeerframes\/","name":"Universele Soldeerframes - Smans","isPartOf":{"@id":"https:\/\/smans.com\/nl\/#website"},"datePublished":"2025-12-24T01:16:31+00:00","dateModified":"2026-04-05T08:47:54+00:00","breadcrumb":{"@id":"https:\/\/smans.com\/nl\/product\/universele-soldeerframes\/#breadcrumb"},"inLanguage":"nl-NL","potentialAction":[{"@type":"ReadAction","target":["https:\/\/smans.com\/nl\/product\/universele-soldeerframes\/"]}]},{"@type":"BreadcrumbList","@id":"https:\/\/smans.com\/nl\/product\/universele-soldeerframes\/#breadcrumb","itemListElement":[{"@type":"ListItem","position":1,"name":"Home","item":"https:\/\/smans.com\/nl\/"},{"@type":"ListItem","position":2,"name":"Webshop","item":"https:\/\/smans.com\/nl\/webshop\/"},{"@type":"ListItem","position":3,"name":"Universele Soldeerframes"}]},{"@type":"WebSite","@id":"https:\/\/smans.com\/nl\/#website","url":"https:\/\/smans.com\/nl\/","name":"Smans","description":"","publisher":{"@id":"https:\/\/smans.com\/nl\/#organization"},"potentialAction":[{"@type":"SearchAction","target":{"@type":"EntryPoint","urlTemplate":"https:\/\/smans.com\/nl\/?s={search_term_string}"},"query-input":{"@type":"PropertyValueSpecification","valueRequired":true,"valueName":"search_term_string"}}],"inLanguage":"nl-NL"},{"@type":"Organization","@id":"https:\/\/smans.com\/nl\/#organization","name":"Smans","url":"https:\/\/smans.com\/nl\/","logo":{"@type":"ImageObject","inLanguage":"nl-NL","@id":"https:\/\/smans.com\/nl\/#\/schema\/logo\/image\/","url":"https:\/\/smans.com\/wp-content\/uploads\/2023\/09\/logo.svg","contentUrl":"https:\/\/smans.com\/wp-content\/uploads\/2023\/09\/logo.svg","caption":"Smans"},"image":{"@id":"https:\/\/smans.com\/nl\/#\/schema\/logo\/image\/"}}]}},"brands":[{"id":18399,"name":"R\u00f6snick","slug":"brand-rosnick"}],"_links":{"self":[{"href":"https:\/\/smans.com\/nl\/wp-json\/wp\/v2\/product\/54699","targetHints":{"allow":["GET"]}}],"collection":[{"href":"https:\/\/smans.com\/nl\/wp-json\/wp\/v2\/product"}],"about":[{"href":"https:\/\/smans.com\/nl\/wp-json\/wp\/v2\/types\/product"}],"wp:attachment":[{"href":"https:\/\/smans.com\/nl\/wp-json\/wp\/v2\/media?parent=54699"}],"wp:term":[{"taxonomy":"pwb-brand","embeddable":true,"href":"https:\/\/smans.com\/nl\/wp-json\/wp\/v2\/pwb-brand?post=54699"},{"taxonomy":"product_brand","embeddable":true,"href":"https:\/\/smans.com\/nl\/wp-json\/wp\/v2\/product_brand?post=54699"},{"taxonomy":"product_cat","embeddable":true,"href":"https:\/\/smans.com\/nl\/wp-json\/wp\/v2\/product_cat?post=54699"},{"taxonomy":"product_tag","embeddable":true,"href":"https:\/\/smans.com\/nl\/wp-json\/wp\/v2\/product_tag?post=54699"}],"curies":[{"name":"wp","href":"https:\/\/api.w.org\/{rel}","templated":true}]}}